{"id":13893,"date":"2025-05-22T04:45:14","date_gmt":"2025-05-22T04:45:14","guid":{"rendered":"https:\/\/premierssoins.com\/produit\/warned-guardians-training-7h-2015\/"},"modified":"2025-05-22T04:45:14","modified_gmt":"2025-05-22T04:45:14","slug":"warned-guardians-training-7h-2015","status":"publish","type":"product","link":"https:\/\/premierssoins.com\/en\/produit\/warned-guardians-training-7h-2015\/","title":{"rendered":"WARNED GUARDIANS Training 7h ~ 2015"},"content":{"rendered":"","protected":false},"excerpt":{"rendered":"<p>WARNED GUARDIANS Training 7h<\/p>\n<p>&nbsp;<\/p>\n<p><strong style=\"font-size: 12px;\">-Including book and certification<\/strong><\/p>\n<p>&nbsp;<\/p>\n<p><strong>-Training from 8:30 a.m. to 4:30 p.m.<\/strong><\/p>\n<p>&nbsp;<\/p>\n<p>&nbsp;<\/p>\n<p>&nbsp;<\/p>\n<p><strong><em>Training code:<\/em><\/strong><\/p>\n<p>&nbsp;<\/p>\n<p><strong>AVAI<\/strong><strong>L<\/strong><strong>ABLE<\/strong>:<strong> <\/strong>A training is made available for people to register and is not confirmed until the minimum number is reached (10). It is important to register to avoid this training being postponed to an earlier date (see calendar) <\/p>\n<p>&nbsp;<\/p>\n<p><em><strong>READY TO CONFIRM<\/strong><\/em>: This training has almost 10 registrations and would be about to be CONFIRMED but still is not. It is high time to register because it could be postponed to a later date if the minimum (10) is not reached (see calendar) <\/p>\n<p>&nbsp;<\/p>\n<p><em><strong>POSTPONED<\/strong><\/em>: This training has been postponed or has already been postponed, the training date has been changed. You must refresh (F5) in your cart to see the new date entered for this training. Postponed will always be present with the other codes to inform you of the status of your training (AVAILABLE, READY TO CONFIRM, CONFIRMED)  <\/p>\n<p>&nbsp;<\/p>\n<p><em><strong>CONFIRMED<\/strong><\/em>: This training is in CONFIRMED status, you must pay now to reserve and confirm your place in the training using your cart if you have already placed a training there. If you wish to register, you must pay immediately to confirm your place. Anyone who does not make the payment is deemed not to wish to attend this training. Follow the status of your cart carefully to not lose your place.   <\/p>\n<p>&nbsp;<\/p>\n<p>&nbsp;<\/p>\n<p>&nbsp;<\/p>\n<p><strong>Registration :<\/strong><\/p>\n<p>&nbsp;<\/p>\n<p><strong>A) BUSINESSES &amp; Residences for the elderly:<\/strong><\/p>\n<p>&nbsp;<\/p>\n<p>1. Create an account in the <strong><em>login<\/em><\/strong> (at the top of the page) on the site, enter the company name, address, contact person and telephone number<\/p>\n<p>&nbsp;<\/p>\n<p>2. Send us an email or a contact request on the site indicating the people you wish to register and for which training (dates) (formations@premierssoins.com)<\/p>\n<p>&nbsp;<\/p>\n<p>On request, we can send you a form to fill out (Word file) for a group of people.<\/p>\n<p>&nbsp;<\/p>\n<p>3. An invoice will be automatically sent to you by email during the training for the people from your company who will be present.<\/p>\n<p>&nbsp;<\/p>\n<p><strong>4. Your price will be calculated based on the number of people in the group<\/strong><\/p>\n<p>&nbsp;<\/p>\n<p><strong> <\/strong><\/p>\n<p>&nbsp;<\/p>\n<p><strong>B) INDIVIDUALS:<\/strong><\/p>\n<p>&nbsp;<\/p>\n<p><strong>1. Create an account by <strong><em>logging<\/em><\/strong> into the site and enter your date of birth in the space provided.<\/strong><\/p>\n<p>&nbsp;<\/p>\n<p>2. Add the desired training to your basket<\/p>\n<p>&nbsp;<\/p>\n<p>3a. Send us your check made out to PREMIERS SOINS.com to the address at the bottom to reserve your place (write your name and telephone number)<\/p>\n<p>&nbsp;<\/p>\n<p>3b. For credit card payments, you can pay immediately or wait for training confirmation (no credit, date transfer available only)<\/p>\n<p>&nbsp;<\/p>\n<p>4. Send us an email or a contact request on the site indicating the training chosen and the date (formations@premierssoins.com)<\/p>\n<p>&nbsp;<\/p>\n<p>5a. Check the STATUS of your training in the products and make the payment by credit card as soon as it is shown as <strong>CONFIRMED<\/strong><\/p>\n<p>&nbsp;<\/p>\n<p>5b.Nous d\u00e9poserons votre ch\u00e8que re\u00e7u pour la formation qui a un statut <strong>CONFIRM\u00c9 <\/strong>pour finaliser votre r\u00e9servation<\/p>\n<p>&nbsp;<\/p>\n<p><strong>Upon receipt of your payment, you will receive an email confirmation including full information regarding your training.<\/strong><\/p>\n<p>&nbsp;<\/p>\n<p>&nbsp;<\/p>\n<p>&nbsp;<\/p>\n<p>For CPR training only, we have a 4-5 hour private training at $100, one-on-one with the instructor, available anytime Monday through Thursday between 8am and 10pm.<\/p>\n<p>&nbsp;<\/p>\n<p>&nbsp;<\/p>\n<p>&nbsp;<\/p>\n<p>Thank you for trusting <strong>PREMIERS SOINS.com<\/strong><\/p>\n<p>&nbsp;<\/p>\n<p>T. 877.767.1277 | 1.877.<strong class=\"emphase\">SOS<\/strong>.1.<strong class=\"emphase\">CPR.ca<\/strong><br \/>\nF. 888.767.1277 | 1.888.<strong class=\"emphase\">SOS<\/strong>.1.<strong class=\"emphase\">CPR.ca<\/strong><br \/>\nA. 2100 Terry-Fox, Bureau 603A, Laval, QC, H7T 3B8<\/p>\n<p>&nbsp;<\/p>\n<p>&nbsp;<\/p>\n<p>&nbsp;<\/p>\n<p>&nbsp;<\/p>\n<table class=\"note\" border=\"0\" cellspacing=\"0\" cellpadding=\"1\">\n<tbody>\n<tr>\n<td valign=\"top\" width=\"415\">&nbsp;<\/p>\n<p><strong>NOTE :<\/strong><br \/>\n<strong>It is possible to postpone a training course to a later date without any additional cost by contacting us at least three (3) working days before the start of the training course, otherwise you must pay for your training course in full. Anyone who does not attend a training course must pay for their course again. All training is subject to confirmation and can be cancelled with 3 days notice. .No refunds available, credit or exchange only<\/strong><\/p>\n<p>&nbsp;<\/td>\n<td valign=\"top\" width=\"16\">&nbsp;<\/p>\n<p><strong> <\/strong><\/p>\n<p>&nbsp;<\/td>\n<td valign=\"top\" width=\"452\">&nbsp;<\/p>\n<p><strong>NOTE :<\/strong><br \/>\n<strong>It is always possible to postpone scheduled training sessions to a later date at no charge by notifying us at least three (3) business days prior training session start date. If not, registrants will be charged the full cost of the course. Registrants who fail to attend schedule class will be charged the full cost of the course. All courses are subject to confirmation and can be cancelled on three (3) days notice. No refund is available on our products and courses, credit or exchange only.    <\/strong><\/p>\n<p>&nbsp;<\/p>\n<div><strong> <\/strong><\/div>\n<p>&nbsp;<\/td>\n<\/tr>\n<\/tbody>\n<\/table>\n","protected":false},"featured_media":11121,"comment_status":"closed","ping_status":"closed","template":"","meta":[],"product_brand":[],"product_cat":[493],"product_tag":[],"class_list":{"0":"post-13893","1":"product","2":"type-product","3":"status-publish","4":"has-post-thumbnail","6":"product_cat-all-products","8":"first","9":"outofstock","10":"taxable","11":"shipping-taxable","12":"purchasable","13":"product-type-simple"},"yoast_head":"<!-- This site is optimized with the Yoast SEO plugin v27.2 - https:\/\/yoast.com\/product\/yoast-seo-wordpress\/ -->\n<title>WARNED GUARDIANS Training 7h ~ 2015 - PREMIERS SOINS.com<\/title>\n<meta name=\"robots\" content=\"index, follow, max-snippet:-1, max-image-preview:large, max-video-preview:-1\" \/>\n<link rel=\"canonical\" href=\"https:\/\/premierssoins.com\/en\/produit\/warned-guardians-training-7h-2015\/\" \/>\n<meta property=\"og:locale\" content=\"en_US\" \/>\n<meta property=\"og:type\" content=\"article\" \/>\n<meta property=\"og:title\" content=\"WARNED GUARDIANS Training 7h ~ 2015 - PREMIERS SOINS.com\" \/>\n<meta property=\"og:description\" content=\"WARNED GUARDIANS Training 7h &nbsp; -Including book and certification &nbsp; -Training from 8:30 a.m. to 4:30 p.m. &nbsp; &nbsp; &nbsp; Training code: &nbsp; AVAILABLE: A training is made available for people to register and is not confirmed until the minimum number is reached (10). It is important to register to avoid this training being postponed to an earlier date (see calendar)  &nbsp; READY TO CONFIRM: This training has almost 10 registrations and would be about to be CONFIRMED but still is not. It is high time to register because it could be postponed to a later date if the minimum (10) is not reached (see calendar)  &nbsp; POSTPONED: This training has been postponed or has already been postponed, the training date has been changed. You must refresh (F5) in your cart to see the new date entered for this training. Postponed will always be present with the other codes to inform you of the status of your training (AVAILABLE, READY TO CONFIRM, CONFIRMED)  &nbsp; CONFIRMED: This training is in CONFIRMED status, you must pay now to reserve and confirm your place in the training using your cart if you have already placed a training there. If you wish to register, you must pay immediately to confirm your place. Anyone who does not make the payment is deemed not to wish to attend this training. Follow the status of your cart carefully to not lose your place.   &nbsp; &nbsp; &nbsp; Registration : &nbsp; A) BUSINESSES &amp; Residences for the elderly: &nbsp; 1. Create an account in the login (at the top of the page) on the site, enter the company name, address, contact person and telephone number &nbsp; 2. Send us an email or a contact request on the site indicating the people you wish to register and for which training (dates) (formations@premierssoins.com) &nbsp; On request, we can send you a form to fill out (Word file) for a group of people. &nbsp; 3. An invoice will be automatically sent to you by email during the training for the people from your company who will be present. &nbsp; 4. Your price will be calculated based on the number of people in the group &nbsp;   &nbsp; B) INDIVIDUALS: &nbsp; 1. Create an account by logging into the site and enter your date of birth in the space provided. &nbsp; 2. Add the desired training to your basket &nbsp; 3a. Send us your check made out to PREMIERS SOINS.com to the address at the bottom to reserve your place (write your name and telephone number) &nbsp; 3b. For credit card payments, you can pay immediately or wait for training confirmation (no credit, date transfer available only) &nbsp; 4. Send us an email or a contact request on the site indicating the training chosen and the date (formations@premierssoins.com) &nbsp; 5a. Check the STATUS of your training in the products and make the payment by credit card as soon as it is shown as CONFIRMED &nbsp; 5b.Nous d\u00e9poserons votre ch\u00e8que re\u00e7u pour la formation qui a un statut CONFIRM\u00c9 pour finaliser votre r\u00e9servation &nbsp; Upon receipt of your payment, you will receive an email confirmation including full information regarding your training. &nbsp; &nbsp; &nbsp; For CPR training only, we have a 4-5 hour private training at $100, one-on-one with the instructor, available anytime Monday through Thursday between 8am and 10pm. &nbsp; &nbsp; &nbsp; Thank you for trusting PREMIERS SOINS.com &nbsp; T. 877.767.1277 | 1.877.SOS.1.CPR.ca F. 888.767.1277 | 1.888.SOS.1.CPR.ca A. 2100 Terry-Fox, Bureau 603A, Laval, QC, H7T 3B8 &nbsp; &nbsp; &nbsp; &nbsp;  &nbsp; NOTE : It is possible to postpone a training course to a later date without any additional cost by contacting us at least three (3) working days before the start of the training course, otherwise you must pay for your training course in full. Anyone who does not attend a training course must pay for their course again. All training is subject to confirmation and can be cancelled with 3 days notice. .No refunds available, credit or exchange only &nbsp; &nbsp;   &nbsp; &nbsp; NOTE : It is always possible to postpone scheduled training sessions to a later date at no charge by notifying us at least three (3) business days prior training session start date. If not, registrants will be charged the full cost of the course. Registrants who fail to attend schedule class will be charged the full cost of the course. All courses are subject to confirmation and can be cancelled on three (3) days notice. No refund is available on our products and courses, credit or exchange only.   &nbsp;  &nbsp;\" \/>\n<meta property=\"og:url\" content=\"https:\/\/premierssoins.com\/en\/produit\/warned-guardians-training-7h-2015\/\" \/>\n<meta property=\"og:site_name\" content=\"PREMIERS SOINS.com\" \/>\n<meta property=\"og:image\" content=\"https:\/\/premierssoins.com\/wp-content\/uploads\/2025\/05\/products-formation_gardiens_avertis_croix-rouge_2011-scaled-1.jpg\" \/>\n\t<meta property=\"og:image:width\" content=\"1978\" \/>\n\t<meta property=\"og:image:height\" content=\"2560\" \/>\n\t<meta property=\"og:image:type\" content=\"image\/jpeg\" \/>\n<meta name=\"twitter:card\" content=\"summary_large_image\" \/>\n<script type=\"application\/ld+json\" class=\"yoast-schema-graph\">{\"@context\":\"https:\/\/schema.org\",\"@graph\":[{\"@type\":\"WebPage\",\"@id\":\"https:\/\/premierssoins.com\/en\/produit\/warned-guardians-training-7h-2015\/\",\"url\":\"https:\/\/premierssoins.com\/en\/produit\/warned-guardians-training-7h-2015\/\",\"name\":\"WARNED GUARDIANS Training 7h ~ 2015 - PREMIERS SOINS.com\",\"isPartOf\":{\"@id\":\"https:\/\/premierssoins.com\/#website\"},\"primaryImageOfPage\":{\"@id\":\"https:\/\/premierssoins.com\/en\/produit\/warned-guardians-training-7h-2015\/#primaryimage\"},\"image\":{\"@id\":\"https:\/\/premierssoins.com\/en\/produit\/warned-guardians-training-7h-2015\/#primaryimage\"},\"thumbnailUrl\":\"https:\/\/premierssoins.com\/wp-content\/uploads\/2025\/05\/products-formation_gardiens_avertis_croix-rouge_2011-scaled-1.jpg\",\"datePublished\":\"2025-05-22T04:45:14+00:00\",\"breadcrumb\":{\"@id\":\"https:\/\/premierssoins.com\/en\/produit\/warned-guardians-training-7h-2015\/#breadcrumb\"},\"inLanguage\":\"en-US\",\"potentialAction\":[{\"@type\":\"ReadAction\",\"target\":[\"https:\/\/premierssoins.com\/en\/produit\/warned-guardians-training-7h-2015\/\"]}]},{\"@type\":\"ImageObject\",\"inLanguage\":\"en-US\",\"@id\":\"https:\/\/premierssoins.com\/en\/produit\/warned-guardians-training-7h-2015\/#primaryimage\",\"url\":\"https:\/\/premierssoins.com\/wp-content\/uploads\/2025\/05\/products-formation_gardiens_avertis_croix-rouge_2011-scaled-1.jpg\",\"contentUrl\":\"https:\/\/premierssoins.com\/wp-content\/uploads\/2025\/05\/products-formation_gardiens_avertis_croix-rouge_2011-scaled-1.jpg\",\"width\":1978,\"height\":2560},{\"@type\":\"BreadcrumbList\",\"@id\":\"https:\/\/premierssoins.com\/en\/produit\/warned-guardians-training-7h-2015\/#breadcrumb\",\"itemListElement\":[{\"@type\":\"ListItem\",\"position\":1,\"name\":\"Accueil\",\"item\":\"https:\/\/premierssoins.com\/en\/welcome\/\"},{\"@type\":\"ListItem\",\"position\":2,\"name\":\"Nos Produits\",\"item\":\"https:\/\/premierssoins.com\/nos-produits\/\"},{\"@type\":\"ListItem\",\"position\":3,\"name\":\"WARNED GUARDIANS Training 7h ~ 2015\"}]},{\"@type\":\"WebSite\",\"@id\":\"https:\/\/premierssoins.com\/#website\",\"url\":\"https:\/\/premierssoins.com\/\",\"name\":\"PREMIERS SOINS.com\",\"description\":\"Formations Croix Rouge | Autres formations | Produits\",\"publisher\":{\"@id\":\"https:\/\/premierssoins.com\/#organization\"},\"potentialAction\":[{\"@type\":\"SearchAction\",\"target\":{\"@type\":\"EntryPoint\",\"urlTemplate\":\"https:\/\/premierssoins.com\/?s={search_term_string}\"},\"query-input\":{\"@type\":\"PropertyValueSpecification\",\"valueRequired\":true,\"valueName\":\"search_term_string\"}}],\"inLanguage\":\"en-US\"},{\"@type\":\"Organization\",\"@id\":\"https:\/\/premierssoins.com\/#organization\",\"name\":\"PREMIERS SOINS.com\",\"url\":\"https:\/\/premierssoins.com\/\",\"logo\":{\"@type\":\"ImageObject\",\"inLanguage\":\"en-US\",\"@id\":\"https:\/\/premierssoins.com\/#\/schema\/logo\/image\/\",\"url\":\"https:\/\/premierssoins.com\/wp-content\/uploads\/2025\/04\/Premier_Soins_logo_V2.png\",\"contentUrl\":\"https:\/\/premierssoins.com\/wp-content\/uploads\/2025\/04\/Premier_Soins_logo_V2.png\",\"width\":422,\"height\":85,\"caption\":\"PREMIERS SOINS.com\"},\"image\":{\"@id\":\"https:\/\/premierssoins.com\/#\/schema\/logo\/image\/\"}}]}<\/script>\n<!-- \/ Yoast SEO plugin. -->","yoast_head_json":{"title":"WARNED GUARDIANS Training 7h ~ 2015 - PREMIERS SOINS.com","robots":{"index":"index","follow":"follow","max-snippet":"max-snippet:-1","max-image-preview":"max-image-preview:large","max-video-preview":"max-video-preview:-1"},"canonical":"https:\/\/premierssoins.com\/en\/produit\/warned-guardians-training-7h-2015\/","og_locale":"en_US","og_type":"article","og_title":"WARNED GUARDIANS Training 7h ~ 2015 - PREMIERS SOINS.com","og_description":"WARNED GUARDIANS Training 7h &nbsp; -Including book and certification &nbsp; -Training from 8:30 a.m. to 4:30 p.m. &nbsp; &nbsp; &nbsp; Training code: &nbsp; AVAILABLE: A training is made available for people to register and is not confirmed until the minimum number is reached (10). It is important to register to avoid this training being postponed to an earlier date (see calendar)  &nbsp; READY TO CONFIRM: This training has almost 10 registrations and would be about to be CONFIRMED but still is not. It is high time to register because it could be postponed to a later date if the minimum (10) is not reached (see calendar)  &nbsp; POSTPONED: This training has been postponed or has already been postponed, the training date has been changed. You must refresh (F5) in your cart to see the new date entered for this training. Postponed will always be present with the other codes to inform you of the status of your training (AVAILABLE, READY TO CONFIRM, CONFIRMED)  &nbsp; CONFIRMED: This training is in CONFIRMED status, you must pay now to reserve and confirm your place in the training using your cart if you have already placed a training there. If you wish to register, you must pay immediately to confirm your place. Anyone who does not make the payment is deemed not to wish to attend this training. Follow the status of your cart carefully to not lose your place.   &nbsp; &nbsp; &nbsp; Registration : &nbsp; A) BUSINESSES &amp; Residences for the elderly: &nbsp; 1. Create an account in the login (at the top of the page) on the site, enter the company name, address, contact person and telephone number &nbsp; 2. Send us an email or a contact request on the site indicating the people you wish to register and for which training (dates) (formations@premierssoins.com) &nbsp; On request, we can send you a form to fill out (Word file) for a group of people. &nbsp; 3. An invoice will be automatically sent to you by email during the training for the people from your company who will be present. &nbsp; 4. Your price will be calculated based on the number of people in the group &nbsp;   &nbsp; B) INDIVIDUALS: &nbsp; 1. Create an account by logging into the site and enter your date of birth in the space provided. &nbsp; 2. Add the desired training to your basket &nbsp; 3a. Send us your check made out to PREMIERS SOINS.com to the address at the bottom to reserve your place (write your name and telephone number) &nbsp; 3b. For credit card payments, you can pay immediately or wait for training confirmation (no credit, date transfer available only) &nbsp; 4. Send us an email or a contact request on the site indicating the training chosen and the date (formations@premierssoins.com) &nbsp; 5a. Check the STATUS of your training in the products and make the payment by credit card as soon as it is shown as CONFIRMED &nbsp; 5b.Nous d\u00e9poserons votre ch\u00e8que re\u00e7u pour la formation qui a un statut CONFIRM\u00c9 pour finaliser votre r\u00e9servation &nbsp; Upon receipt of your payment, you will receive an email confirmation including full information regarding your training. &nbsp; &nbsp; &nbsp; For CPR training only, we have a 4-5 hour private training at $100, one-on-one with the instructor, available anytime Monday through Thursday between 8am and 10pm. &nbsp; &nbsp; &nbsp; Thank you for trusting PREMIERS SOINS.com &nbsp; T. 877.767.1277 | 1.877.SOS.1.CPR.ca F. 888.767.1277 | 1.888.SOS.1.CPR.ca A. 2100 Terry-Fox, Bureau 603A, Laval, QC, H7T 3B8 &nbsp; &nbsp; &nbsp; &nbsp;  &nbsp; NOTE : It is possible to postpone a training course to a later date without any additional cost by contacting us at least three (3) working days before the start of the training course, otherwise you must pay for your training course in full. Anyone who does not attend a training course must pay for their course again. All training is subject to confirmation and can be cancelled with 3 days notice. .No refunds available, credit or exchange only &nbsp; &nbsp;   &nbsp; &nbsp; NOTE : It is always possible to postpone scheduled training sessions to a later date at no charge by notifying us at least three (3) business days prior training session start date. If not, registrants will be charged the full cost of the course. Registrants who fail to attend schedule class will be charged the full cost of the course. All courses are subject to confirmation and can be cancelled on three (3) days notice. No refund is available on our products and courses, credit or exchange only.   &nbsp;  &nbsp;","og_url":"https:\/\/premierssoins.com\/en\/produit\/warned-guardians-training-7h-2015\/","og_site_name":"PREMIERS SOINS.com","og_image":[{"width":1978,"height":2560,"url":"https:\/\/premierssoins.com\/wp-content\/uploads\/2025\/05\/products-formation_gardiens_avertis_croix-rouge_2011-scaled-1.jpg","type":"image\/jpeg"}],"twitter_card":"summary_large_image","schema":{"@context":"https:\/\/schema.org","@graph":[{"@type":"WebPage","@id":"https:\/\/premierssoins.com\/en\/produit\/warned-guardians-training-7h-2015\/","url":"https:\/\/premierssoins.com\/en\/produit\/warned-guardians-training-7h-2015\/","name":"WARNED GUARDIANS Training 7h ~ 2015 - PREMIERS SOINS.com","isPartOf":{"@id":"https:\/\/premierssoins.com\/#website"},"primaryImageOfPage":{"@id":"https:\/\/premierssoins.com\/en\/produit\/warned-guardians-training-7h-2015\/#primaryimage"},"image":{"@id":"https:\/\/premierssoins.com\/en\/produit\/warned-guardians-training-7h-2015\/#primaryimage"},"thumbnailUrl":"https:\/\/premierssoins.com\/wp-content\/uploads\/2025\/05\/products-formation_gardiens_avertis_croix-rouge_2011-scaled-1.jpg","datePublished":"2025-05-22T04:45:14+00:00","breadcrumb":{"@id":"https:\/\/premierssoins.com\/en\/produit\/warned-guardians-training-7h-2015\/#breadcrumb"},"inLanguage":"en-US","potentialAction":[{"@type":"ReadAction","target":["https:\/\/premierssoins.com\/en\/produit\/warned-guardians-training-7h-2015\/"]}]},{"@type":"ImageObject","inLanguage":"en-US","@id":"https:\/\/premierssoins.com\/en\/produit\/warned-guardians-training-7h-2015\/#primaryimage","url":"https:\/\/premierssoins.com\/wp-content\/uploads\/2025\/05\/products-formation_gardiens_avertis_croix-rouge_2011-scaled-1.jpg","contentUrl":"https:\/\/premierssoins.com\/wp-content\/uploads\/2025\/05\/products-formation_gardiens_avertis_croix-rouge_2011-scaled-1.jpg","width":1978,"height":2560},{"@type":"BreadcrumbList","@id":"https:\/\/premierssoins.com\/en\/produit\/warned-guardians-training-7h-2015\/#breadcrumb","itemListElement":[{"@type":"ListItem","position":1,"name":"Accueil","item":"https:\/\/premierssoins.com\/en\/welcome\/"},{"@type":"ListItem","position":2,"name":"Nos Produits","item":"https:\/\/premierssoins.com\/nos-produits\/"},{"@type":"ListItem","position":3,"name":"WARNED GUARDIANS Training 7h ~ 2015"}]},{"@type":"WebSite","@id":"https:\/\/premierssoins.com\/#website","url":"https:\/\/premierssoins.com\/","name":"PREMIERS SOINS.com","description":"Formations Croix Rouge | Autres formations | Produits","publisher":{"@id":"https:\/\/premierssoins.com\/#organization"},"potentialAction":[{"@type":"SearchAction","target":{"@type":"EntryPoint","urlTemplate":"https:\/\/premierssoins.com\/?s={search_term_string}"},"query-input":{"@type":"PropertyValueSpecification","valueRequired":true,"valueName":"search_term_string"}}],"inLanguage":"en-US"},{"@type":"Organization","@id":"https:\/\/premierssoins.com\/#organization","name":"PREMIERS SOINS.com","url":"https:\/\/premierssoins.com\/","logo":{"@type":"ImageObject","inLanguage":"en-US","@id":"https:\/\/premierssoins.com\/#\/schema\/logo\/image\/","url":"https:\/\/premierssoins.com\/wp-content\/uploads\/2025\/04\/Premier_Soins_logo_V2.png","contentUrl":"https:\/\/premierssoins.com\/wp-content\/uploads\/2025\/04\/Premier_Soins_logo_V2.png","width":422,"height":85,"caption":"PREMIERS SOINS.com"},"image":{"@id":"https:\/\/premierssoins.com\/#\/schema\/logo\/image\/"}}]}},"_links":{"self":[{"href":"https:\/\/premierssoins.com\/en\/wp-json\/wp\/v2\/product\/13893","targetHints":{"allow":["GET"]}}],"collection":[{"href":"https:\/\/premierssoins.com\/en\/wp-json\/wp\/v2\/product"}],"about":[{"href":"https:\/\/premierssoins.com\/en\/wp-json\/wp\/v2\/types\/product"}],"replies":[{"embeddable":true,"href":"https:\/\/premierssoins.com\/en\/wp-json\/wp\/v2\/comments?post=13893"}],"wp:featuredmedia":[{"embeddable":true,"href":"https:\/\/premierssoins.com\/en\/wp-json\/wp\/v2\/media\/11121"}],"wp:attachment":[{"href":"https:\/\/premierssoins.com\/en\/wp-json\/wp\/v2\/media?parent=13893"}],"wp:term":[{"taxonomy":"product_brand","embeddable":true,"href":"https:\/\/premierssoins.com\/en\/wp-json\/wp\/v2\/product_brand?post=13893"},{"taxonomy":"product_cat","embeddable":true,"href":"https:\/\/premierssoins.com\/en\/wp-json\/wp\/v2\/product_cat?post=13893"},{"taxonomy":"product_tag","embeddable":true,"href":"https:\/\/premierssoins.com\/en\/wp-json\/wp\/v2\/product_tag?post=13893"}],"curies":[{"name":"wp","href":"https:\/\/api.w.org\/{rel}","templated":true}]}}