{"id":14112,"date":"2025-05-22T04:33:03","date_gmt":"2025-05-22T04:33:03","guid":{"rendered":"https:\/\/premierssoins.com\/produit\/salus-sar-600-life-jacket-red\/"},"modified":"2025-09-18T13:33:37","modified_gmt":"2025-09-18T13:33:37","slug":"salus-sar-600-life-jacket-red","status":"publish","type":"product","link":"https:\/\/premierssoins.com\/en\/produit\/salus-sar-600-life-jacket-red\/","title":{"rendered":"Salus SAR 600 Life Jacket (Red);"},"content":{"rendered":"<h3 style=\"margin-top: -15px;\"><\/h3>\n<p>&nbsp;<\/p>\n","protected":false},"excerpt":{"rendered":"<p>[wcj_product_wholesale_price_table]<\/p>\n<p>SALUS SAR-660 (Red) Patrolman&#8217;s Flotation Jacket FIRST RESPONDER<\/p>\n<p><!-- FIn Titres g\u00e9n\u00e9r\u00e9s --><!-- \u00c9diteur M\u00e9dianamik --><\/p>\n<p><strong><span class=\"TexteSpecial\"><strong>Model: <\/strong><\/span><\/strong>SAR-660 &#8211; Operation<br \/>\n<strong><span class=\"TexteSpecial\"><strong>Supplier: <\/strong><\/span><\/strong>Salus<\/p>\n<p>Description<\/p>\n<p>Since it&#8217;s impossible to predict who the next rescuer will be, one of the most important features of SAR vests is that they are designed in one size. These vests therefore allow for quick and convenient donning for everyone. With the careful placement of the foam, SAR vests achieve an optimal buoyancy level (22 lbs. of buoyancy sufficient to lift two people) while providing maximum flexibility and increased comfort. Its practical &#8220;pull-forward&#8221; adjustment strap allows the rescuer to don the vest easily and quickly in both summer and winter, leaving them free to focus on the rescue. The large armholes, narrow shoulders, and high waistband do not burden the rescuer, providing a level of performance never before seen in a PFD-style rescue.<br \/>\nSize |     <\/p>\n<ul>\n<li style=\"list-style-type: none;\">\n<ul>\n<li>One size fits all<\/li>\n<\/ul>\n<\/li>\n<\/ul>\n<h5>Features<\/h5>\n<h5>22 lb. buoyancy to lift rescuer and victim. <\/h5>\n<ul>\n<li style=\"list-style-type: none;\">\n<ul>\n<li>Large one size jacket. 36-60 inch chest; <\/li>\n<\/ul>\n<\/li>\n<\/ul>\n<ul>\n<li style=\"list-style-type: none;\">\n<ul>\n<li>Large 1\u00bd straps for easy adjustment with gloves in summer and winter<\/li>\n<\/ul>\n<\/li>\n<\/ul>\n<ul>\n<li style=\"list-style-type: none;\">\n<ul>\n<li>Shoulder adjustment accessible from the front of the jacket<\/li>\n<\/ul>\n<\/li>\n<\/ul>\n<ul>\n<li style=\"list-style-type: none;\">\n<ul>\n<li>Two-way accessible accessory pocket with security zipper. Convenient for carrying: radio, GPS, carabiners, glow sticks, ice picks and\/or buddy line. <\/li>\n<\/ul>\n<\/li>\n<\/ul>\n<ul>\n<li style=\"list-style-type: none;\">\n<ul>\n<li>Heavy duty zipper and buckle closure<\/li>\n<\/ul>\n<\/li>\n<\/ul>\n<ul>\n<li style=\"list-style-type: none;\">\n<ul>\n<li>Adjustable shoulder harness with easy grip, perfect for assistance and extrication<\/li>\n<\/ul>\n<\/li>\n<\/ul>\n<ul>\n<li style=\"list-style-type: none;\">\n<ul>\n<li>3M reflective stripes on the front of the jacket, back and shoulders<\/li>\n<\/ul>\n<\/li>\n<\/ul>\n<ul>\n<li style=\"list-style-type: none;\">\n<ul>\n<li>Large arm holes and tapered back for freedom of movement<\/li>\n<\/ul>\n<\/li>\n<\/ul>\n<ul>\n<li style=\"list-style-type: none;\">\n<ul>\n<li>Soft foam and patented design, rounded edges for more comfort<\/li>\n<\/ul>\n<\/li>\n<\/ul>\n<ul>\n<li style=\"list-style-type: none;\">\n<ul>\n<li>500 denier Cordura nylon with UV-resistant threads for durability and strength<\/li>\n<\/ul>\n<\/li>\n<\/ul>\n<ul>\n<li style=\"list-style-type: none;\">\n<ul>\n<li>High cut for easy bending;<\/li>\n<\/ul>\n<\/li>\n<\/ul>\n<p>approved by Transport Canada; the Canadian Coast Guard; Fisheries and Oceans Canada;<\/p>\n<p>&nbsp;<\/p>\n","protected":false},"featured_media":0,"comment_status":"closed","ping_status":"closed","template":"","meta":[],"product_brand":[],"product_cat":[493,495,494,516],"product_tag":[],"class_list":{"0":"post-14112","1":"product","2":"type-product","3":"status-publish","5":"product_cat-all-products","6":"product_cat-first-aid-products","7":"product_cat-nautical","8":"product_cat-protections-en","10":"first","11":"onbackorder","12":"taxable","13":"shipping-taxable","14":"purchasable","15":"product-type-simple"},"yoast_head":"<!-- This site is optimized with the Yoast SEO plugin v27.2 - https:\/\/yoast.com\/product\/yoast-seo-wordpress\/ -->\n<title>Salus SAR 600 Life Jacket (Red); - PREMIERS SOINS.com<\/title>\n<meta name=\"robots\" content=\"index, follow, max-snippet:-1, max-image-preview:large, max-video-preview:-1\" \/>\n<link rel=\"canonical\" href=\"https:\/\/premierssoins.com\/en\/produit\/salus-sar-600-life-jacket-red\/\" \/>\n<meta property=\"og:locale\" content=\"en_US\" \/>\n<meta property=\"og:type\" content=\"article\" \/>\n<meta property=\"og:title\" content=\"Salus SAR 600 Life Jacket (Red); - PREMIERS SOINS.com\" \/>\n<meta property=\"og:description\" content=\"[wcj_product_wholesale_price_table] SALUS SAR-660 (Red) Patrolman&#039;s Flotation Jacket FIRST RESPONDER  Model: SAR-660 - Operation Supplier: Salus Description Since it&#039;s impossible to predict who the next rescuer will be, one of the most important features of SAR vests is that they are designed in one size. These vests therefore allow for quick and convenient donning for everyone. With the careful placement of the foam, SAR vests achieve an optimal buoyancy level (22 lbs. of buoyancy sufficient to lift two people) while providing maximum flexibility and increased comfort. Its practical &quot;pull-forward&quot; adjustment strap allows the rescuer to don the vest easily and quickly in both summer and winter, leaving them free to focus on the rescue. The large armholes, narrow shoulders, and high waistband do not burden the rescuer, providing a level of performance never before seen in a PFD-style rescue. Size |       One size fits all  Features 22 lb. buoyancy to lift rescuer and victim.     Large one size jacket. 36-60 inch chest;      Large 1\u00bd straps for easy adjustment with gloves in summer and winter      Shoulder adjustment accessible from the front of the jacket      Two-way accessible accessory pocket with security zipper. Convenient for carrying: radio, GPS, carabiners, glow sticks, ice picks and\/or buddy line.      Heavy duty zipper and buckle closure      Adjustable shoulder harness with easy grip, perfect for assistance and extrication      3M reflective stripes on the front of the jacket, back and shoulders      Large arm holes and tapered back for freedom of movement      Soft foam and patented design, rounded edges for more comfort      500 denier Cordura nylon with UV-resistant threads for durability and strength      High cut for easy bending;  approved by Transport Canada; the Canadian Coast Guard; Fisheries and Oceans Canada; &nbsp;\" \/>\n<meta property=\"og:url\" content=\"https:\/\/premierssoins.com\/en\/produit\/salus-sar-600-life-jacket-red\/\" \/>\n<meta property=\"og:site_name\" content=\"PREMIERS SOINS.com\" \/>\n<meta property=\"article:modified_time\" content=\"2025-09-18T13:33:37+00:00\" \/>\n<meta name=\"twitter:card\" content=\"summary_large_image\" \/>\n<script type=\"application\/ld+json\" class=\"yoast-schema-graph\">{\"@context\":\"https:\/\/schema.org\",\"@graph\":[{\"@type\":\"WebPage\",\"@id\":\"https:\/\/premierssoins.com\/en\/produit\/salus-sar-600-life-jacket-red\/\",\"url\":\"https:\/\/premierssoins.com\/en\/produit\/salus-sar-600-life-jacket-red\/\",\"name\":\"Salus SAR 600 Life Jacket (Red); - PREMIERS SOINS.com\",\"isPartOf\":{\"@id\":\"https:\/\/premierssoins.com\/#website\"},\"datePublished\":\"2025-05-22T04:33:03+00:00\",\"dateModified\":\"2025-09-18T13:33:37+00:00\",\"breadcrumb\":{\"@id\":\"https:\/\/premierssoins.com\/en\/produit\/salus-sar-600-life-jacket-red\/#breadcrumb\"},\"inLanguage\":\"en-US\",\"potentialAction\":[{\"@type\":\"ReadAction\",\"target\":[\"https:\/\/premierssoins.com\/en\/produit\/salus-sar-600-life-jacket-red\/\"]}]},{\"@type\":\"BreadcrumbList\",\"@id\":\"https:\/\/premierssoins.com\/en\/produit\/salus-sar-600-life-jacket-red\/#breadcrumb\",\"itemListElement\":[{\"@type\":\"ListItem\",\"position\":1,\"name\":\"Accueil\",\"item\":\"https:\/\/premierssoins.com\/en\/welcome\/\"},{\"@type\":\"ListItem\",\"position\":2,\"name\":\"Nos Produits\",\"item\":\"https:\/\/premierssoins.com\/nos-produits\/\"},{\"@type\":\"ListItem\",\"position\":3,\"name\":\"Salus SAR 600 Life Jacket (Red);\"}]},{\"@type\":\"WebSite\",\"@id\":\"https:\/\/premierssoins.com\/#website\",\"url\":\"https:\/\/premierssoins.com\/\",\"name\":\"PREMIERS SOINS.com\",\"description\":\"Formations Croix Rouge | Autres formations | Produits\",\"publisher\":{\"@id\":\"https:\/\/premierssoins.com\/#organization\"},\"potentialAction\":[{\"@type\":\"SearchAction\",\"target\":{\"@type\":\"EntryPoint\",\"urlTemplate\":\"https:\/\/premierssoins.com\/?s={search_term_string}\"},\"query-input\":{\"@type\":\"PropertyValueSpecification\",\"valueRequired\":true,\"valueName\":\"search_term_string\"}}],\"inLanguage\":\"en-US\"},{\"@type\":\"Organization\",\"@id\":\"https:\/\/premierssoins.com\/#organization\",\"name\":\"PREMIERS SOINS.com\",\"url\":\"https:\/\/premierssoins.com\/\",\"logo\":{\"@type\":\"ImageObject\",\"inLanguage\":\"en-US\",\"@id\":\"https:\/\/premierssoins.com\/#\/schema\/logo\/image\/\",\"url\":\"https:\/\/premierssoins.com\/wp-content\/uploads\/2025\/04\/Premier_Soins_logo_V2.png\",\"contentUrl\":\"https:\/\/premierssoins.com\/wp-content\/uploads\/2025\/04\/Premier_Soins_logo_V2.png\",\"width\":422,\"height\":85,\"caption\":\"PREMIERS SOINS.com\"},\"image\":{\"@id\":\"https:\/\/premierssoins.com\/#\/schema\/logo\/image\/\"}}]}<\/script>\n<!-- \/ Yoast SEO plugin. -->","yoast_head_json":{"title":"Salus SAR 600 Life Jacket (Red); - PREMIERS SOINS.com","robots":{"index":"index","follow":"follow","max-snippet":"max-snippet:-1","max-image-preview":"max-image-preview:large","max-video-preview":"max-video-preview:-1"},"canonical":"https:\/\/premierssoins.com\/en\/produit\/salus-sar-600-life-jacket-red\/","og_locale":"en_US","og_type":"article","og_title":"Salus SAR 600 Life Jacket (Red); - PREMIERS SOINS.com","og_description":"[wcj_product_wholesale_price_table] SALUS SAR-660 (Red) Patrolman's Flotation Jacket FIRST RESPONDER  Model: SAR-660 - Operation Supplier: Salus Description Since it's impossible to predict who the next rescuer will be, one of the most important features of SAR vests is that they are designed in one size. These vests therefore allow for quick and convenient donning for everyone. With the careful placement of the foam, SAR vests achieve an optimal buoyancy level (22 lbs. of buoyancy sufficient to lift two people) while providing maximum flexibility and increased comfort. Its practical \"pull-forward\" adjustment strap allows the rescuer to don the vest easily and quickly in both summer and winter, leaving them free to focus on the rescue. The large armholes, narrow shoulders, and high waistband do not burden the rescuer, providing a level of performance never before seen in a PFD-style rescue. Size |       One size fits all  Features 22 lb. buoyancy to lift rescuer and victim.     Large one size jacket. 36-60 inch chest;      Large 1\u00bd straps for easy adjustment with gloves in summer and winter      Shoulder adjustment accessible from the front of the jacket      Two-way accessible accessory pocket with security zipper. Convenient for carrying: radio, GPS, carabiners, glow sticks, ice picks and\/or buddy line.      Heavy duty zipper and buckle closure      Adjustable shoulder harness with easy grip, perfect for assistance and extrication      3M reflective stripes on the front of the jacket, back and shoulders      Large arm holes and tapered back for freedom of movement      Soft foam and patented design, rounded edges for more comfort      500 denier Cordura nylon with UV-resistant threads for durability and strength      High cut for easy bending;  approved by Transport Canada; the Canadian Coast Guard; Fisheries and Oceans Canada; &nbsp;","og_url":"https:\/\/premierssoins.com\/en\/produit\/salus-sar-600-life-jacket-red\/","og_site_name":"PREMIERS SOINS.com","article_modified_time":"2025-09-18T13:33:37+00:00","twitter_card":"summary_large_image","schema":{"@context":"https:\/\/schema.org","@graph":[{"@type":"WebPage","@id":"https:\/\/premierssoins.com\/en\/produit\/salus-sar-600-life-jacket-red\/","url":"https:\/\/premierssoins.com\/en\/produit\/salus-sar-600-life-jacket-red\/","name":"Salus SAR 600 Life Jacket (Red); - PREMIERS SOINS.com","isPartOf":{"@id":"https:\/\/premierssoins.com\/#website"},"datePublished":"2025-05-22T04:33:03+00:00","dateModified":"2025-09-18T13:33:37+00:00","breadcrumb":{"@id":"https:\/\/premierssoins.com\/en\/produit\/salus-sar-600-life-jacket-red\/#breadcrumb"},"inLanguage":"en-US","potentialAction":[{"@type":"ReadAction","target":["https:\/\/premierssoins.com\/en\/produit\/salus-sar-600-life-jacket-red\/"]}]},{"@type":"BreadcrumbList","@id":"https:\/\/premierssoins.com\/en\/produit\/salus-sar-600-life-jacket-red\/#breadcrumb","itemListElement":[{"@type":"ListItem","position":1,"name":"Accueil","item":"https:\/\/premierssoins.com\/en\/welcome\/"},{"@type":"ListItem","position":2,"name":"Nos Produits","item":"https:\/\/premierssoins.com\/nos-produits\/"},{"@type":"ListItem","position":3,"name":"Salus SAR 600 Life Jacket (Red);"}]},{"@type":"WebSite","@id":"https:\/\/premierssoins.com\/#website","url":"https:\/\/premierssoins.com\/","name":"PREMIERS SOINS.com","description":"Formations Croix Rouge | Autres formations | Produits","publisher":{"@id":"https:\/\/premierssoins.com\/#organization"},"potentialAction":[{"@type":"SearchAction","target":{"@type":"EntryPoint","urlTemplate":"https:\/\/premierssoins.com\/?s={search_term_string}"},"query-input":{"@type":"PropertyValueSpecification","valueRequired":true,"valueName":"search_term_string"}}],"inLanguage":"en-US"},{"@type":"Organization","@id":"https:\/\/premierssoins.com\/#organization","name":"PREMIERS SOINS.com","url":"https:\/\/premierssoins.com\/","logo":{"@type":"ImageObject","inLanguage":"en-US","@id":"https:\/\/premierssoins.com\/#\/schema\/logo\/image\/","url":"https:\/\/premierssoins.com\/wp-content\/uploads\/2025\/04\/Premier_Soins_logo_V2.png","contentUrl":"https:\/\/premierssoins.com\/wp-content\/uploads\/2025\/04\/Premier_Soins_logo_V2.png","width":422,"height":85,"caption":"PREMIERS SOINS.com"},"image":{"@id":"https:\/\/premierssoins.com\/#\/schema\/logo\/image\/"}}]}},"_links":{"self":[{"href":"https:\/\/premierssoins.com\/en\/wp-json\/wp\/v2\/product\/14112","targetHints":{"allow":["GET"]}}],"collection":[{"href":"https:\/\/premierssoins.com\/en\/wp-json\/wp\/v2\/product"}],"about":[{"href":"https:\/\/premierssoins.com\/en\/wp-json\/wp\/v2\/types\/product"}],"replies":[{"embeddable":true,"href":"https:\/\/premierssoins.com\/en\/wp-json\/wp\/v2\/comments?post=14112"}],"wp:attachment":[{"href":"https:\/\/premierssoins.com\/en\/wp-json\/wp\/v2\/media?parent=14112"}],"wp:term":[{"taxonomy":"product_brand","embeddable":true,"href":"https:\/\/premierssoins.com\/en\/wp-json\/wp\/v2\/product_brand?post=14112"},{"taxonomy":"product_cat","embeddable":true,"href":"https:\/\/premierssoins.com\/en\/wp-json\/wp\/v2\/product_cat?post=14112"},{"taxonomy":"product_tag","embeddable":true,"href":"https:\/\/premierssoins.com\/en\/wp-json\/wp\/v2\/product_tag?post=14112"}],"curies":[{"name":"wp","href":"https:\/\/api.w.org\/{rel}","templated":true}]}}