{"id":14222,"date":"2025-05-22T04:30:33","date_gmt":"2025-05-22T08:30:33","guid":{"rendered":"https:\/\/premierssoins.com\/produit\/bzk-antiseptic-swab-0-13-benzalkonium-chloride-per-unit\/"},"modified":"2025-05-22T04:30:33","modified_gmt":"2025-05-22T04:30:33","slug":"bzk-antiseptic-swab-0-13-benzalkonium-chloride-per-unit","status":"publish","type":"product","link":"https:\/\/premierssoins.com\/en\/produit\/bzk-antiseptic-swab-0-13-benzalkonium-chloride-per-unit\/","title":{"rendered":"BZK Antiseptic Swab (0.13% Benzalkonium Chloride &#8211; per unit)"},"content":{"rendered":"<p>&nbsp;<\/p>\n<p>&nbsp;<\/p>\n","protected":false},"excerpt":{"rendered":"<p>PDI &#8211; Tampon Antiseptique BZK (0.13% Chlorure de Benzalkonium &#8211; \u00e0 l&#8217;unit\u00e9)<\/p>\n<p>-Unite, d\u00e9sinfectant, desinfectant, assainisseur<\/p>\n<p>-Aussi disponible en boite de 100: 6PS-333<\/p>\n<p>Note: peut \u00eatre substitu\u00e9 par la marque Loris sans pr\u00e9avis au Canada<\/p>\n<p>La grandeur peut varier selon la disponibilit\u00e9 sans pr\u00e9avis: 35x65mm ou 30x65mm<\/p>\n<p><strong>Conforme au R\u00e8glement<\/strong> de la CNESST 2021 sur les normes minimales de premiers secours et de PREMIERS SOINS<\/p>\n<p>&nbsp;<\/p>\n","protected":false},"featured_media":16262,"comment_status":"closed","ping_status":"closed","template":"","meta":[],"product_brand":[],"product_cat":[493,500,528,495,526,527,499,497],"product_tag":[],"class_list":{"0":"post-14222","1":"product","2":"type-product","3":"status-publish","4":"has-post-thumbnail","6":"product_cat-all-products","7":"product_cat-daycare-cpe","8":"product_cat-disinfectants","9":"product_cat-first-aid-products","10":"product_cat-medicaments-en","11":"product_cat-medicated-tampons","12":"product_cat-residences-for-the-elderly","13":"product_cat-treatments","15":"first","16":"instock","17":"featured","18":"taxable","19":"shipping-taxable","20":"purchasable","21":"product-type-simple"},"yoast_head":"<!-- This site is optimized with the Yoast SEO plugin v27.2 - https:\/\/yoast.com\/product\/yoast-seo-wordpress\/ -->\n<title>BZK Antiseptic Swab (0.13% Benzalkonium Chloride - per unit) - PREMIERS SOINS.com<\/title>\n<meta name=\"robots\" content=\"index, follow, max-snippet:-1, max-image-preview:large, max-video-preview:-1\" \/>\n<link rel=\"canonical\" href=\"https:\/\/premierssoins.com\/en\/produit\/bzk-antiseptic-swab-0-13-benzalkonium-chloride-per-unit\/\" \/>\n<meta property=\"og:locale\" content=\"en_US\" \/>\n<meta property=\"og:type\" content=\"article\" \/>\n<meta property=\"og:title\" content=\"BZK Antiseptic Swab (0.13% Benzalkonium Chloride - per unit) - PREMIERS SOINS.com\" \/>\n<meta property=\"og:description\" content=\"PDI - Tampon Antiseptique BZK (0.13% Chlorure de Benzalkonium - \u00e0 l&#039;unit\u00e9) -Unite, d\u00e9sinfectant, desinfectant, assainisseur -Aussi disponible en boite de 100: 6PS-333 Note: peut \u00eatre substitu\u00e9 par la marque Loris sans pr\u00e9avis au Canada La grandeur peut varier selon la disponibilit\u00e9 sans pr\u00e9avis: 35x65mm ou 30x65mm Conforme au R\u00e8glement de la CNESST 2021 sur les normes minimales de premiers secours et de PREMIERS SOINS &nbsp;\" \/>\n<meta property=\"og:url\" content=\"https:\/\/premierssoins.com\/en\/produit\/bzk-antiseptic-swab-0-13-benzalkonium-chloride-per-unit\/\" \/>\n<meta property=\"og:site_name\" content=\"PREMIERS SOINS.com\" \/>\n<meta property=\"og:image\" content=\"https:\/\/premierssoins.com\/wp-content\/uploads\/2025\/05\/products-656.jpg\" \/>\n\t<meta property=\"og:image:width\" content=\"300\" \/>\n\t<meta property=\"og:image:height\" content=\"300\" \/>\n\t<meta property=\"og:image:type\" content=\"image\/jpeg\" \/>\n<meta name=\"twitter:card\" content=\"summary_large_image\" \/>\n<script type=\"application\/ld+json\" class=\"yoast-schema-graph\">{\"@context\":\"https:\/\/schema.org\",\"@graph\":[{\"@type\":\"WebPage\",\"@id\":\"https:\/\/premierssoins.com\/en\/produit\/bzk-antiseptic-swab-0-13-benzalkonium-chloride-per-unit\/\",\"url\":\"https:\/\/premierssoins.com\/en\/produit\/bzk-antiseptic-swab-0-13-benzalkonium-chloride-per-unit\/\",\"name\":\"BZK Antiseptic Swab (0.13% Benzalkonium Chloride - per unit) - PREMIERS SOINS.com\",\"isPartOf\":{\"@id\":\"https:\/\/premierssoins.com\/#website\"},\"primaryImageOfPage\":{\"@id\":\"https:\/\/premierssoins.com\/en\/produit\/bzk-antiseptic-swab-0-13-benzalkonium-chloride-per-unit\/#primaryimage\"},\"image\":{\"@id\":\"https:\/\/premierssoins.com\/en\/produit\/bzk-antiseptic-swab-0-13-benzalkonium-chloride-per-unit\/#primaryimage\"},\"thumbnailUrl\":\"https:\/\/premierssoins.com\/wp-content\/uploads\/2025\/05\/Loris-BZK.jpg\",\"datePublished\":\"2025-05-22T08:30:33+00:00\",\"breadcrumb\":{\"@id\":\"https:\/\/premierssoins.com\/en\/produit\/bzk-antiseptic-swab-0-13-benzalkonium-chloride-per-unit\/#breadcrumb\"},\"inLanguage\":\"en-US\",\"potentialAction\":[{\"@type\":\"ReadAction\",\"target\":[\"https:\/\/premierssoins.com\/en\/produit\/bzk-antiseptic-swab-0-13-benzalkonium-chloride-per-unit\/\"]}]},{\"@type\":\"ImageObject\",\"inLanguage\":\"en-US\",\"@id\":\"https:\/\/premierssoins.com\/en\/produit\/bzk-antiseptic-swab-0-13-benzalkonium-chloride-per-unit\/#primaryimage\",\"url\":\"https:\/\/premierssoins.com\/wp-content\/uploads\/2025\/05\/Loris-BZK.jpg\",\"contentUrl\":\"https:\/\/premierssoins.com\/wp-content\/uploads\/2025\/05\/Loris-BZK.jpg\",\"width\":600,\"height\":600},{\"@type\":\"BreadcrumbList\",\"@id\":\"https:\/\/premierssoins.com\/en\/produit\/bzk-antiseptic-swab-0-13-benzalkonium-chloride-per-unit\/#breadcrumb\",\"itemListElement\":[{\"@type\":\"ListItem\",\"position\":1,\"name\":\"Accueil\",\"item\":\"https:\/\/premierssoins.com\/en\/welcome\/\"},{\"@type\":\"ListItem\",\"position\":2,\"name\":\"Nos Produits\",\"item\":\"https:\/\/premierssoins.com\/nos-produits\/\"},{\"@type\":\"ListItem\",\"position\":3,\"name\":\"BZK Antiseptic Swab (0.13% Benzalkonium Chloride &#8211; per unit)\"}]},{\"@type\":\"WebSite\",\"@id\":\"https:\/\/premierssoins.com\/#website\",\"url\":\"https:\/\/premierssoins.com\/\",\"name\":\"PREMIERS SOINS.com\",\"description\":\"Formations Croix Rouge | Autres formations | Produits\",\"publisher\":{\"@id\":\"https:\/\/premierssoins.com\/#organization\"},\"potentialAction\":[{\"@type\":\"SearchAction\",\"target\":{\"@type\":\"EntryPoint\",\"urlTemplate\":\"https:\/\/premierssoins.com\/?s={search_term_string}\"},\"query-input\":{\"@type\":\"PropertyValueSpecification\",\"valueRequired\":true,\"valueName\":\"search_term_string\"}}],\"inLanguage\":\"en-US\"},{\"@type\":\"Organization\",\"@id\":\"https:\/\/premierssoins.com\/#organization\",\"name\":\"PREMIERS SOINS.com\",\"url\":\"https:\/\/premierssoins.com\/\",\"logo\":{\"@type\":\"ImageObject\",\"inLanguage\":\"en-US\",\"@id\":\"https:\/\/premierssoins.com\/#\/schema\/logo\/image\/\",\"url\":\"https:\/\/premierssoins.com\/wp-content\/uploads\/2025\/04\/Premier_Soins_logo_V2.png\",\"contentUrl\":\"https:\/\/premierssoins.com\/wp-content\/uploads\/2025\/04\/Premier_Soins_logo_V2.png\",\"width\":422,\"height\":85,\"caption\":\"PREMIERS SOINS.com\"},\"image\":{\"@id\":\"https:\/\/premierssoins.com\/#\/schema\/logo\/image\/\"}}]}<\/script>\n<!-- \/ Yoast SEO plugin. -->","yoast_head_json":{"title":"BZK Antiseptic Swab (0.13% Benzalkonium Chloride - per unit) - PREMIERS SOINS.com","robots":{"index":"index","follow":"follow","max-snippet":"max-snippet:-1","max-image-preview":"max-image-preview:large","max-video-preview":"max-video-preview:-1"},"canonical":"https:\/\/premierssoins.com\/en\/produit\/bzk-antiseptic-swab-0-13-benzalkonium-chloride-per-unit\/","og_locale":"en_US","og_type":"article","og_title":"BZK Antiseptic Swab (0.13% Benzalkonium Chloride - per unit) - PREMIERS SOINS.com","og_description":"PDI - Tampon Antiseptique BZK (0.13% Chlorure de Benzalkonium - \u00e0 l'unit\u00e9) -Unite, d\u00e9sinfectant, desinfectant, assainisseur -Aussi disponible en boite de 100: 6PS-333 Note: peut \u00eatre substitu\u00e9 par la marque Loris sans pr\u00e9avis au Canada La grandeur peut varier selon la disponibilit\u00e9 sans pr\u00e9avis: 35x65mm ou 30x65mm Conforme au R\u00e8glement de la CNESST 2021 sur les normes minimales de premiers secours et de PREMIERS SOINS &nbsp;","og_url":"https:\/\/premierssoins.com\/en\/produit\/bzk-antiseptic-swab-0-13-benzalkonium-chloride-per-unit\/","og_site_name":"PREMIERS SOINS.com","og_image":[{"width":300,"height":300,"url":"https:\/\/premierssoins.com\/wp-content\/uploads\/2025\/05\/products-656.jpg","type":"image\/jpeg"}],"twitter_card":"summary_large_image","schema":{"@context":"https:\/\/schema.org","@graph":[{"@type":"WebPage","@id":"https:\/\/premierssoins.com\/en\/produit\/bzk-antiseptic-swab-0-13-benzalkonium-chloride-per-unit\/","url":"https:\/\/premierssoins.com\/en\/produit\/bzk-antiseptic-swab-0-13-benzalkonium-chloride-per-unit\/","name":"BZK Antiseptic Swab (0.13% Benzalkonium Chloride - per unit) - PREMIERS SOINS.com","isPartOf":{"@id":"https:\/\/premierssoins.com\/#website"},"primaryImageOfPage":{"@id":"https:\/\/premierssoins.com\/en\/produit\/bzk-antiseptic-swab-0-13-benzalkonium-chloride-per-unit\/#primaryimage"},"image":{"@id":"https:\/\/premierssoins.com\/en\/produit\/bzk-antiseptic-swab-0-13-benzalkonium-chloride-per-unit\/#primaryimage"},"thumbnailUrl":"https:\/\/premierssoins.com\/wp-content\/uploads\/2025\/05\/Loris-BZK.jpg","datePublished":"2025-05-22T08:30:33+00:00","breadcrumb":{"@id":"https:\/\/premierssoins.com\/en\/produit\/bzk-antiseptic-swab-0-13-benzalkonium-chloride-per-unit\/#breadcrumb"},"inLanguage":"en-US","potentialAction":[{"@type":"ReadAction","target":["https:\/\/premierssoins.com\/en\/produit\/bzk-antiseptic-swab-0-13-benzalkonium-chloride-per-unit\/"]}]},{"@type":"ImageObject","inLanguage":"en-US","@id":"https:\/\/premierssoins.com\/en\/produit\/bzk-antiseptic-swab-0-13-benzalkonium-chloride-per-unit\/#primaryimage","url":"https:\/\/premierssoins.com\/wp-content\/uploads\/2025\/05\/Loris-BZK.jpg","contentUrl":"https:\/\/premierssoins.com\/wp-content\/uploads\/2025\/05\/Loris-BZK.jpg","width":600,"height":600},{"@type":"BreadcrumbList","@id":"https:\/\/premierssoins.com\/en\/produit\/bzk-antiseptic-swab-0-13-benzalkonium-chloride-per-unit\/#breadcrumb","itemListElement":[{"@type":"ListItem","position":1,"name":"Accueil","item":"https:\/\/premierssoins.com\/en\/welcome\/"},{"@type":"ListItem","position":2,"name":"Nos Produits","item":"https:\/\/premierssoins.com\/nos-produits\/"},{"@type":"ListItem","position":3,"name":"BZK Antiseptic Swab (0.13% Benzalkonium Chloride &#8211; per unit)"}]},{"@type":"WebSite","@id":"https:\/\/premierssoins.com\/#website","url":"https:\/\/premierssoins.com\/","name":"PREMIERS SOINS.com","description":"Formations Croix Rouge | Autres formations | Produits","publisher":{"@id":"https:\/\/premierssoins.com\/#organization"},"potentialAction":[{"@type":"SearchAction","target":{"@type":"EntryPoint","urlTemplate":"https:\/\/premierssoins.com\/?s={search_term_string}"},"query-input":{"@type":"PropertyValueSpecification","valueRequired":true,"valueName":"search_term_string"}}],"inLanguage":"en-US"},{"@type":"Organization","@id":"https:\/\/premierssoins.com\/#organization","name":"PREMIERS SOINS.com","url":"https:\/\/premierssoins.com\/","logo":{"@type":"ImageObject","inLanguage":"en-US","@id":"https:\/\/premierssoins.com\/#\/schema\/logo\/image\/","url":"https:\/\/premierssoins.com\/wp-content\/uploads\/2025\/04\/Premier_Soins_logo_V2.png","contentUrl":"https:\/\/premierssoins.com\/wp-content\/uploads\/2025\/04\/Premier_Soins_logo_V2.png","width":422,"height":85,"caption":"PREMIERS SOINS.com"},"image":{"@id":"https:\/\/premierssoins.com\/#\/schema\/logo\/image\/"}}]}},"_links":{"self":[{"href":"https:\/\/premierssoins.com\/en\/wp-json\/wp\/v2\/product\/14222","targetHints":{"allow":["GET"]}}],"collection":[{"href":"https:\/\/premierssoins.com\/en\/wp-json\/wp\/v2\/product"}],"about":[{"href":"https:\/\/premierssoins.com\/en\/wp-json\/wp\/v2\/types\/product"}],"replies":[{"embeddable":true,"href":"https:\/\/premierssoins.com\/en\/wp-json\/wp\/v2\/comments?post=14222"}],"wp:featuredmedia":[{"embeddable":true,"href":"https:\/\/premierssoins.com\/en\/wp-json\/wp\/v2\/media\/16262"}],"wp:attachment":[{"href":"https:\/\/premierssoins.com\/en\/wp-json\/wp\/v2\/media?parent=14222"}],"wp:term":[{"taxonomy":"product_brand","embeddable":true,"href":"https:\/\/premierssoins.com\/en\/wp-json\/wp\/v2\/product_brand?post=14222"},{"taxonomy":"product_cat","embeddable":true,"href":"https:\/\/premierssoins.com\/en\/wp-json\/wp\/v2\/product_cat?post=14222"},{"taxonomy":"product_tag","embeddable":true,"href":"https:\/\/premierssoins.com\/en\/wp-json\/wp\/v2\/product_tag?post=14222"}],"curies":[{"name":"wp","href":"https:\/\/api.w.org\/{rel}","templated":true}]}}