{"id":14378,"date":"2025-05-22T04:28:02","date_gmt":"2025-05-22T04:28:02","guid":{"rendered":"https:\/\/premierssoins.com\/produit\/premiers-soins-com-bilingual-first-aid-guide-booklet\/"},"modified":"2025-05-22T04:28:02","modified_gmt":"2025-05-22T04:28:02","slug":"premiers-soins-com-bilingual-first-aid-guide-booklet","status":"publish","type":"product","link":"https:\/\/premierssoins.com\/en\/produit\/premiers-soins-com-bilingual-first-aid-guide-booklet\/","title":{"rendered":"PREMIERS SOINS.com &#8211; Bilingual First Aid Guide Booklet"},"content":{"rendered":"","protected":false},"excerpt":{"rendered":"<p>PREMIERS SOINS.com &#8211; Bilingual First Aid Booklet, English-French<\/p>\n<p>-First Aid Guide, Manual<br \/>\nCan be substituted by any other bilingual guide of the same type without notice<br \/>\nComplies with the 2021 CNESST Regulation on Minimum Standards for First Aid and FIRST AID<br \/>\nPREMIERS SOINS.com &#8211; Livret de Premiers Soins b<span style=\"font-size: 12px;\">ilingue, Anglais-Francais<\/span><br \/>\n<br \/>-Guide des Premiers Soins, manuel<\/p>\n<p>Peut \u00eatre substitu\u00e9 par tout autre guide bilingue de m\u00eame type sans pr\u00e9avis<\/p>\n<p><strong>Conforme au R\u00e8glement<\/strong> de la CNESST 2021 sur les normes minimales de premiers secours et de PREMIERS SOINS<\/p>\n","protected":false},"featured_media":10815,"comment_status":"closed","ping_status":"closed","template":"","meta":[],"product_brand":[],"product_cat":[493,500,519,499,518],"product_tag":[],"class_list":{"0":"post-14378","1":"product","2":"type-product","3":"status-publish","4":"has-post-thumbnail","6":"product_cat-all-products","7":"product_cat-daycare-cpe","8":"product_cat-documentations-en","9":"product_cat-residences-for-the-elderly","10":"product_cat-training-products","12":"first","13":"instock","14":"taxable","15":"shipping-taxable","16":"purchasable","17":"product-type-simple"},"yoast_head":"<!-- This site is optimized with the Yoast SEO plugin v27.2 - https:\/\/yoast.com\/product\/yoast-seo-wordpress\/ -->\n<title>PREMIERS SOINS.com - Bilingual First Aid Guide Booklet - PREMIERS SOINS.com<\/title>\n<meta name=\"robots\" content=\"index, follow, max-snippet:-1, max-image-preview:large, max-video-preview:-1\" \/>\n<link rel=\"canonical\" href=\"https:\/\/premierssoins.com\/en\/produit\/premiers-soins-com-bilingual-first-aid-guide-booklet\/\" \/>\n<meta property=\"og:locale\" content=\"en_US\" \/>\n<meta property=\"og:type\" content=\"article\" \/>\n<meta property=\"og:title\" content=\"PREMIERS SOINS.com - Bilingual First Aid Guide Booklet - PREMIERS SOINS.com\" \/>\n<meta property=\"og:description\" content=\"PREMIERS SOINS.com - Bilingual First Aid Booklet, English-French -First Aid Guide, Manual Can be substituted by any other bilingual guide of the same type without notice Complies with the 2021 CNESST Regulation on Minimum Standards for First Aid and FIRST AID PREMIERS SOINS.com - Livret de Premiers Soins bilingue, Anglais-Francais -Guide des Premiers Soins, manuelPeut \u00eatre substitu\u00e9 par tout autre guide bilingue de m\u00eame type sans pr\u00e9avisConforme au R\u00e8glement de la CNESST 2021 sur les normes minimales de premiers secours et de PREMIERS SOINS\" \/>\n<meta property=\"og:url\" content=\"https:\/\/premierssoins.com\/en\/produit\/premiers-soins-com-bilingual-first-aid-guide-booklet\/\" \/>\n<meta property=\"og:site_name\" content=\"PREMIERS SOINS.com\" \/>\n<meta property=\"og:image\" content=\"https:\/\/premierssoins.com\/wp-content\/uploads\/2025\/05\/products-154.jpg\" \/>\n\t<meta property=\"og:image:width\" content=\"476\" \/>\n\t<meta property=\"og:image:height\" content=\"808\" \/>\n\t<meta property=\"og:image:type\" content=\"image\/jpeg\" \/>\n<meta name=\"twitter:card\" content=\"summary_large_image\" \/>\n<script type=\"application\/ld+json\" class=\"yoast-schema-graph\">{\"@context\":\"https:\/\/schema.org\",\"@graph\":[{\"@type\":\"WebPage\",\"@id\":\"https:\/\/premierssoins.com\/en\/produit\/premiers-soins-com-bilingual-first-aid-guide-booklet\/\",\"url\":\"https:\/\/premierssoins.com\/en\/produit\/premiers-soins-com-bilingual-first-aid-guide-booklet\/\",\"name\":\"PREMIERS SOINS.com - Bilingual First Aid Guide Booklet - PREMIERS SOINS.com\",\"isPartOf\":{\"@id\":\"https:\/\/premierssoins.com\/#website\"},\"primaryImageOfPage\":{\"@id\":\"https:\/\/premierssoins.com\/en\/produit\/premiers-soins-com-bilingual-first-aid-guide-booklet\/#primaryimage\"},\"image\":{\"@id\":\"https:\/\/premierssoins.com\/en\/produit\/premiers-soins-com-bilingual-first-aid-guide-booklet\/#primaryimage\"},\"thumbnailUrl\":\"https:\/\/premierssoins.com\/wp-content\/uploads\/2025\/05\/products-154.jpg\",\"datePublished\":\"2025-05-22T04:28:02+00:00\",\"breadcrumb\":{\"@id\":\"https:\/\/premierssoins.com\/en\/produit\/premiers-soins-com-bilingual-first-aid-guide-booklet\/#breadcrumb\"},\"inLanguage\":\"en-US\",\"potentialAction\":[{\"@type\":\"ReadAction\",\"target\":[\"https:\/\/premierssoins.com\/en\/produit\/premiers-soins-com-bilingual-first-aid-guide-booklet\/\"]}]},{\"@type\":\"ImageObject\",\"inLanguage\":\"en-US\",\"@id\":\"https:\/\/premierssoins.com\/en\/produit\/premiers-soins-com-bilingual-first-aid-guide-booklet\/#primaryimage\",\"url\":\"https:\/\/premierssoins.com\/wp-content\/uploads\/2025\/05\/products-154.jpg\",\"contentUrl\":\"https:\/\/premierssoins.com\/wp-content\/uploads\/2025\/05\/products-154.jpg\",\"width\":476,\"height\":808},{\"@type\":\"BreadcrumbList\",\"@id\":\"https:\/\/premierssoins.com\/en\/produit\/premiers-soins-com-bilingual-first-aid-guide-booklet\/#breadcrumb\",\"itemListElement\":[{\"@type\":\"ListItem\",\"position\":1,\"name\":\"Accueil\",\"item\":\"https:\/\/premierssoins.com\/en\/welcome\/\"},{\"@type\":\"ListItem\",\"position\":2,\"name\":\"Nos Produits\",\"item\":\"https:\/\/premierssoins.com\/nos-produits\/\"},{\"@type\":\"ListItem\",\"position\":3,\"name\":\"PREMIERS SOINS.com &#8211; Bilingual First Aid Guide Booklet\"}]},{\"@type\":\"WebSite\",\"@id\":\"https:\/\/premierssoins.com\/#website\",\"url\":\"https:\/\/premierssoins.com\/\",\"name\":\"PREMIERS SOINS.com\",\"description\":\"Formations Croix Rouge | Autres formations | Produits\",\"publisher\":{\"@id\":\"https:\/\/premierssoins.com\/#organization\"},\"potentialAction\":[{\"@type\":\"SearchAction\",\"target\":{\"@type\":\"EntryPoint\",\"urlTemplate\":\"https:\/\/premierssoins.com\/?s={search_term_string}\"},\"query-input\":{\"@type\":\"PropertyValueSpecification\",\"valueRequired\":true,\"valueName\":\"search_term_string\"}}],\"inLanguage\":\"en-US\"},{\"@type\":\"Organization\",\"@id\":\"https:\/\/premierssoins.com\/#organization\",\"name\":\"PREMIERS SOINS.com\",\"url\":\"https:\/\/premierssoins.com\/\",\"logo\":{\"@type\":\"ImageObject\",\"inLanguage\":\"en-US\",\"@id\":\"https:\/\/premierssoins.com\/#\/schema\/logo\/image\/\",\"url\":\"https:\/\/premierssoins.com\/wp-content\/uploads\/2025\/04\/Premier_Soins_logo_V2.png\",\"contentUrl\":\"https:\/\/premierssoins.com\/wp-content\/uploads\/2025\/04\/Premier_Soins_logo_V2.png\",\"width\":422,\"height\":85,\"caption\":\"PREMIERS SOINS.com\"},\"image\":{\"@id\":\"https:\/\/premierssoins.com\/#\/schema\/logo\/image\/\"}}]}<\/script>\n<!-- \/ Yoast SEO plugin. -->","yoast_head_json":{"title":"PREMIERS SOINS.com - Bilingual First Aid Guide Booklet - PREMIERS SOINS.com","robots":{"index":"index","follow":"follow","max-snippet":"max-snippet:-1","max-image-preview":"max-image-preview:large","max-video-preview":"max-video-preview:-1"},"canonical":"https:\/\/premierssoins.com\/en\/produit\/premiers-soins-com-bilingual-first-aid-guide-booklet\/","og_locale":"en_US","og_type":"article","og_title":"PREMIERS SOINS.com - Bilingual First Aid Guide Booklet - PREMIERS SOINS.com","og_description":"PREMIERS SOINS.com - Bilingual First Aid Booklet, English-French -First Aid Guide, Manual Can be substituted by any other bilingual guide of the same type without notice Complies with the 2021 CNESST Regulation on Minimum Standards for First Aid and FIRST AID PREMIERS SOINS.com - Livret de Premiers Soins bilingue, Anglais-Francais -Guide des Premiers Soins, manuelPeut \u00eatre substitu\u00e9 par tout autre guide bilingue de m\u00eame type sans pr\u00e9avisConforme au R\u00e8glement de la CNESST 2021 sur les normes minimales de premiers secours et de PREMIERS SOINS","og_url":"https:\/\/premierssoins.com\/en\/produit\/premiers-soins-com-bilingual-first-aid-guide-booklet\/","og_site_name":"PREMIERS SOINS.com","og_image":[{"width":476,"height":808,"url":"https:\/\/premierssoins.com\/wp-content\/uploads\/2025\/05\/products-154.jpg","type":"image\/jpeg"}],"twitter_card":"summary_large_image","schema":{"@context":"https:\/\/schema.org","@graph":[{"@type":"WebPage","@id":"https:\/\/premierssoins.com\/en\/produit\/premiers-soins-com-bilingual-first-aid-guide-booklet\/","url":"https:\/\/premierssoins.com\/en\/produit\/premiers-soins-com-bilingual-first-aid-guide-booklet\/","name":"PREMIERS SOINS.com - Bilingual First Aid Guide Booklet - PREMIERS SOINS.com","isPartOf":{"@id":"https:\/\/premierssoins.com\/#website"},"primaryImageOfPage":{"@id":"https:\/\/premierssoins.com\/en\/produit\/premiers-soins-com-bilingual-first-aid-guide-booklet\/#primaryimage"},"image":{"@id":"https:\/\/premierssoins.com\/en\/produit\/premiers-soins-com-bilingual-first-aid-guide-booklet\/#primaryimage"},"thumbnailUrl":"https:\/\/premierssoins.com\/wp-content\/uploads\/2025\/05\/products-154.jpg","datePublished":"2025-05-22T04:28:02+00:00","breadcrumb":{"@id":"https:\/\/premierssoins.com\/en\/produit\/premiers-soins-com-bilingual-first-aid-guide-booklet\/#breadcrumb"},"inLanguage":"en-US","potentialAction":[{"@type":"ReadAction","target":["https:\/\/premierssoins.com\/en\/produit\/premiers-soins-com-bilingual-first-aid-guide-booklet\/"]}]},{"@type":"ImageObject","inLanguage":"en-US","@id":"https:\/\/premierssoins.com\/en\/produit\/premiers-soins-com-bilingual-first-aid-guide-booklet\/#primaryimage","url":"https:\/\/premierssoins.com\/wp-content\/uploads\/2025\/05\/products-154.jpg","contentUrl":"https:\/\/premierssoins.com\/wp-content\/uploads\/2025\/05\/products-154.jpg","width":476,"height":808},{"@type":"BreadcrumbList","@id":"https:\/\/premierssoins.com\/en\/produit\/premiers-soins-com-bilingual-first-aid-guide-booklet\/#breadcrumb","itemListElement":[{"@type":"ListItem","position":1,"name":"Accueil","item":"https:\/\/premierssoins.com\/en\/welcome\/"},{"@type":"ListItem","position":2,"name":"Nos Produits","item":"https:\/\/premierssoins.com\/nos-produits\/"},{"@type":"ListItem","position":3,"name":"PREMIERS SOINS.com &#8211; Bilingual First Aid Guide Booklet"}]},{"@type":"WebSite","@id":"https:\/\/premierssoins.com\/#website","url":"https:\/\/premierssoins.com\/","name":"PREMIERS SOINS.com","description":"Formations Croix Rouge | Autres formations | Produits","publisher":{"@id":"https:\/\/premierssoins.com\/#organization"},"potentialAction":[{"@type":"SearchAction","target":{"@type":"EntryPoint","urlTemplate":"https:\/\/premierssoins.com\/?s={search_term_string}"},"query-input":{"@type":"PropertyValueSpecification","valueRequired":true,"valueName":"search_term_string"}}],"inLanguage":"en-US"},{"@type":"Organization","@id":"https:\/\/premierssoins.com\/#organization","name":"PREMIERS SOINS.com","url":"https:\/\/premierssoins.com\/","logo":{"@type":"ImageObject","inLanguage":"en-US","@id":"https:\/\/premierssoins.com\/#\/schema\/logo\/image\/","url":"https:\/\/premierssoins.com\/wp-content\/uploads\/2025\/04\/Premier_Soins_logo_V2.png","contentUrl":"https:\/\/premierssoins.com\/wp-content\/uploads\/2025\/04\/Premier_Soins_logo_V2.png","width":422,"height":85,"caption":"PREMIERS SOINS.com"},"image":{"@id":"https:\/\/premierssoins.com\/#\/schema\/logo\/image\/"}}]}},"_links":{"self":[{"href":"https:\/\/premierssoins.com\/en\/wp-json\/wp\/v2\/product\/14378","targetHints":{"allow":["GET"]}}],"collection":[{"href":"https:\/\/premierssoins.com\/en\/wp-json\/wp\/v2\/product"}],"about":[{"href":"https:\/\/premierssoins.com\/en\/wp-json\/wp\/v2\/types\/product"}],"replies":[{"embeddable":true,"href":"https:\/\/premierssoins.com\/en\/wp-json\/wp\/v2\/comments?post=14378"}],"wp:featuredmedia":[{"embeddable":true,"href":"https:\/\/premierssoins.com\/en\/wp-json\/wp\/v2\/media\/10815"}],"wp:attachment":[{"href":"https:\/\/premierssoins.com\/en\/wp-json\/wp\/v2\/media?parent=14378"}],"wp:term":[{"taxonomy":"product_brand","embeddable":true,"href":"https:\/\/premierssoins.com\/en\/wp-json\/wp\/v2\/product_brand?post=14378"},{"taxonomy":"product_cat","embeddable":true,"href":"https:\/\/premierssoins.com\/en\/wp-json\/wp\/v2\/product_cat?post=14378"},{"taxonomy":"product_tag","embeddable":true,"href":"https:\/\/premierssoins.com\/en\/wp-json\/wp\/v2\/product_tag?post=14378"}],"curies":[{"name":"wp","href":"https:\/\/api.w.org\/{rel}","templated":true}]}}