{"id":14399,"date":"2025-05-22T04:27:24","date_gmt":"2025-05-22T08:27:24","guid":{"rendered":"https:\/\/premierssoins.com\/produit\/rapid-relief-instant-cold-pack-10-2-x-15-2-cm-small-ice\/"},"modified":"2025-05-22T04:27:24","modified_gmt":"2025-05-22T04:27:24","slug":"rapid-relief-instant-cold-pack-10-2-x-15-2-cm-small-ice","status":"publish","type":"product","link":"https:\/\/premierssoins.com\/en\/produit\/rapid-relief-instant-cold-pack-10-2-x-15-2-cm-small-ice\/","title":{"rendered":"Rapid Relief &#8211; Instant Cold Pack (10.2 x 15.2 cm) small ice"},"content":{"rendered":"<p>&nbsp;<\/p>\n<p>&nbsp;<\/p>\n","protected":false},"excerpt":{"rendered":"<p><strong>Complies with the CNESST 2021 Regulation<\/strong> on minimum standards for first aid and FIRST AID<\/p>\n<p>One box contains 50 small ice creams<\/p>\n<p>Les nouvelles compresses froides instantan\u00e9es Rapid <span class=\"namered\">Relief<sup>MD<\/sup><\/span> procurent un traitement imm\u00e9diat par le froid pour aider \u00e0 r\u00e9duire l&#8217;enflure et \u00e0 procurer un certain confort apr\u00e8s une blessure. Plus besoin d&#8217;utiliser de la glace : ces compresses froides instantan\u00e9es et portables peuvent \u00eatre utilis\u00e9es n&#8217;importe quand et n&#8217;importe o\u00f9.<br \/>\nLes compresses froides instantan\u00e9es Rapid <span class=\"namered\">Relief<sup>MD<\/sup><\/span> sont maintenant dot\u00e9es de la technologie FTP<sup>MC<\/sup>. Celle-ci permet \u00e0 l&#8217;utilisateur d&#8217;activer la compresse froide facilement en pliant simplement le produit en deux, ce qui en fait la compresse froide instantan\u00e9e dont l&#8217;activation est la plus facile sur le march\u00e9.  <\/p>\n<h2>PRODUCT FEATURES AND BENEFITS<\/h2>\n<ul>\n<li style=\"list-style-type: none;\">\n<ul>\n<li>Easy activation thanks to new FTP<sup>MC<\/sup> technology<\/li>\n<\/ul>\n<\/li>\n<\/ul>\n<ul>\n<li style=\"list-style-type: none;\">\n<ul>\n<li>Convenience and portability without ever having to worry about leaking and messy ice bags again<\/li>\n<\/ul>\n<\/li>\n<\/ul>\n<ul>\n<li style=\"list-style-type: none;\">\n<ul>\n<li>Fast relief from the following symptoms:\n<ul>\n<li style=\"list-style-type: none;\">\n<ul>\n<li style=\"list-style-type: none;\">\n<ul>\n<li>Bruises and swelling<\/li>\n<li>Muscle spasms and pain<\/li>\n<li>Headaches and minor injuries<\/li>\n<li>Latex-free product<\/li>\n<li>CE Identified<\/li>\n<li>Compliance with the minimum requirements of the American National Standard for Workplace First Aid Kits (ANSI Z308.1-1998)<\/li>\n<li>Trilingual packaging: English, French and Spanish<\/li>\n<\/ul>\n<\/li>\n<\/ul>\n<\/li>\n<\/ul>\n<ul>\n<li style=\"list-style-type: none;\">\n<\/li>\n<\/ul>\n<h2>TEMPERATURE RANGE<\/h2>\n<p>Rapid <span class=\"namered\">Relief<sup>MD<\/sup><\/span> Instant Cold Packs are designed to reach 32<sup>\u00b0<\/sup>F (0<sup>\u00b0<\/sup>C) once activated at room temperature.<\/p>\n<p>&nbsp;<\/li>\n<li><strong><span style=\"color: #ff0000;\">PLEASE NOTE: ** LIQUID DELIVERY ** Liquids damaged in transit are not covered by carrier insurance policies.<\/span><\/strong><strong><span style=\"color: #ff0000;\">PREMIERS SOINS.com is not responsible for liquids damaged in transit.<\/span><\/strong><\/li>\n<\/ul>\n<\/li>\n<\/ul>\n<p>&nbsp;<\/p>\n<p>&nbsp;<\/p>\n<p>&nbsp;<\/p>\n<p>&nbsp;<\/p>\n<p>&nbsp;<\/p>\n<p>&nbsp;<\/p>\n","protected":false},"featured_media":10791,"comment_status":"closed","ping_status":"closed","template":"","meta":[],"product_brand":[],"product_cat":[493,501,500,555,499,498,497],"product_tag":[],"class_list":{"0":"post-14399","1":"product","2":"type-product","3":"status-publish","4":"has-post-thumbnail","6":"product_cat-all-products","7":"product_cat-construction-en","8":"product_cat-daycare-cpe","9":"product_cat-hot-cold-therapy","10":"product_cat-residences-for-the-elderly","11":"product_cat-ski-patrol","12":"product_cat-treatments","14":"first","15":"instock","16":"featured","17":"taxable","18":"shipping-taxable","19":"purchasable","20":"product-type-simple"},"yoast_head":"<!-- This site is optimized with the Yoast SEO plugin v27.2 - https:\/\/yoast.com\/product\/yoast-seo-wordpress\/ -->\n<title>Rapid Relief - Instant Cold Pack (10.2 x 15.2 cm) small ice - PREMIERS SOINS.com<\/title>\n<meta name=\"robots\" content=\"index, follow, max-snippet:-1, max-image-preview:large, max-video-preview:-1\" \/>\n<link rel=\"canonical\" href=\"https:\/\/premierssoins.com\/en\/produit\/rapid-relief-instant-cold-pack-10-2-x-15-2-cm-small-ice\/\" \/>\n<meta property=\"og:locale\" content=\"en_US\" \/>\n<meta property=\"og:type\" content=\"article\" \/>\n<meta property=\"og:title\" content=\"Rapid Relief - Instant Cold Pack (10.2 x 15.2 cm) small ice - PREMIERS SOINS.com\" \/>\n<meta property=\"og:description\" content=\"Complies with the CNESST 2021 Regulation on minimum standards for first aid and FIRST AID One box contains 50 small ice creams Les nouvelles compresses froides instantan\u00e9es Rapid ReliefMD procurent un traitement imm\u00e9diat par le froid pour aider \u00e0 r\u00e9duire l&#039;enflure et \u00e0 procurer un certain confort apr\u00e8s une blessure. Plus besoin d&#039;utiliser de la glace : ces compresses froides instantan\u00e9es et portables peuvent \u00eatre utilis\u00e9es n&#039;importe quand et n&#039;importe o\u00f9. Les compresses froides instantan\u00e9es Rapid ReliefMD sont maintenant dot\u00e9es de la technologie FTPMC. Celle-ci permet \u00e0 l&#039;utilisateur d&#039;activer la compresse froide facilement en pliant simplement le produit en deux, ce qui en fait la compresse froide instantan\u00e9e dont l&#039;activation est la plus facile sur le march\u00e9.  PRODUCT FEATURES AND BENEFITS    Easy activation thanks to new FTPMC technology      Convenience and portability without ever having to worry about leaking and messy ice bags again      Fast relief from the following symptoms:      Bruises and swelling  Muscle spasms and pain  Headaches and minor injuries  Latex-free product  CE Identified  Compliance with the minimum requirements of the American National Standard for Workplace First Aid Kits (ANSI Z308.1-1998)  Trilingual packaging: English, French and Spanish      TEMPERATURE RANGE Rapid ReliefMD Instant Cold Packs are designed to reach 32\u00b0F (0\u00b0C) once activated at room temperature. &nbsp;  PLEASE NOTE: ** LIQUID DELIVERY ** Liquids damaged in transit are not covered by carrier insurance policies.PREMIERS SOINS.com is not responsible for liquids damaged in transit.  &nbsp; &nbsp; &nbsp; &nbsp; &nbsp; &nbsp;\" \/>\n<meta property=\"og:url\" content=\"https:\/\/premierssoins.com\/en\/produit\/rapid-relief-instant-cold-pack-10-2-x-15-2-cm-small-ice\/\" \/>\n<meta property=\"og:site_name\" content=\"PREMIERS SOINS.com\" \/>\n<meta property=\"og:image\" content=\"https:\/\/premierssoins.com\/wp-content\/uploads\/2025\/05\/products-84.jpg\" \/>\n\t<meta property=\"og:image:width\" content=\"220\" \/>\n\t<meta property=\"og:image:height\" content=\"190\" \/>\n\t<meta property=\"og:image:type\" content=\"image\/jpeg\" \/>\n<meta name=\"twitter:card\" content=\"summary_large_image\" \/>\n<script type=\"application\/ld+json\" class=\"yoast-schema-graph\">{\"@context\":\"https:\/\/schema.org\",\"@graph\":[{\"@type\":\"WebPage\",\"@id\":\"https:\/\/premierssoins.com\/en\/produit\/rapid-relief-instant-cold-pack-10-2-x-15-2-cm-small-ice\/\",\"url\":\"https:\/\/premierssoins.com\/en\/produit\/rapid-relief-instant-cold-pack-10-2-x-15-2-cm-small-ice\/\",\"name\":\"Rapid Relief - Instant Cold Pack (10.2 x 15.2 cm) small ice - PREMIERS SOINS.com\",\"isPartOf\":{\"@id\":\"https:\/\/premierssoins.com\/#website\"},\"primaryImageOfPage\":{\"@id\":\"https:\/\/premierssoins.com\/en\/produit\/rapid-relief-instant-cold-pack-10-2-x-15-2-cm-small-ice\/#primaryimage\"},\"image\":{\"@id\":\"https:\/\/premierssoins.com\/en\/produit\/rapid-relief-instant-cold-pack-10-2-x-15-2-cm-small-ice\/#primaryimage\"},\"thumbnailUrl\":\"https:\/\/premierssoins.com\/wp-content\/uploads\/2025\/05\/products-84.jpg\",\"datePublished\":\"2025-05-22T08:27:24+00:00\",\"breadcrumb\":{\"@id\":\"https:\/\/premierssoins.com\/en\/produit\/rapid-relief-instant-cold-pack-10-2-x-15-2-cm-small-ice\/#breadcrumb\"},\"inLanguage\":\"en-US\",\"potentialAction\":[{\"@type\":\"ReadAction\",\"target\":[\"https:\/\/premierssoins.com\/en\/produit\/rapid-relief-instant-cold-pack-10-2-x-15-2-cm-small-ice\/\"]}]},{\"@type\":\"ImageObject\",\"inLanguage\":\"en-US\",\"@id\":\"https:\/\/premierssoins.com\/en\/produit\/rapid-relief-instant-cold-pack-10-2-x-15-2-cm-small-ice\/#primaryimage\",\"url\":\"https:\/\/premierssoins.com\/wp-content\/uploads\/2025\/05\/products-84.jpg\",\"contentUrl\":\"https:\/\/premierssoins.com\/wp-content\/uploads\/2025\/05\/products-84.jpg\",\"width\":220,\"height\":190},{\"@type\":\"BreadcrumbList\",\"@id\":\"https:\/\/premierssoins.com\/en\/produit\/rapid-relief-instant-cold-pack-10-2-x-15-2-cm-small-ice\/#breadcrumb\",\"itemListElement\":[{\"@type\":\"ListItem\",\"position\":1,\"name\":\"Accueil\",\"item\":\"https:\/\/premierssoins.com\/en\/welcome\/\"},{\"@type\":\"ListItem\",\"position\":2,\"name\":\"Nos Produits\",\"item\":\"https:\/\/premierssoins.com\/nos-produits\/\"},{\"@type\":\"ListItem\",\"position\":3,\"name\":\"Rapid Relief &#8211; Instant Cold Pack (10.2 x 15.2 cm) small ice\"}]},{\"@type\":\"WebSite\",\"@id\":\"https:\/\/premierssoins.com\/#website\",\"url\":\"https:\/\/premierssoins.com\/\",\"name\":\"PREMIERS SOINS.com\",\"description\":\"Formations Croix Rouge | Autres formations | Produits\",\"publisher\":{\"@id\":\"https:\/\/premierssoins.com\/#organization\"},\"potentialAction\":[{\"@type\":\"SearchAction\",\"target\":{\"@type\":\"EntryPoint\",\"urlTemplate\":\"https:\/\/premierssoins.com\/?s={search_term_string}\"},\"query-input\":{\"@type\":\"PropertyValueSpecification\",\"valueRequired\":true,\"valueName\":\"search_term_string\"}}],\"inLanguage\":\"en-US\"},{\"@type\":\"Organization\",\"@id\":\"https:\/\/premierssoins.com\/#organization\",\"name\":\"PREMIERS SOINS.com\",\"url\":\"https:\/\/premierssoins.com\/\",\"logo\":{\"@type\":\"ImageObject\",\"inLanguage\":\"en-US\",\"@id\":\"https:\/\/premierssoins.com\/#\/schema\/logo\/image\/\",\"url\":\"https:\/\/premierssoins.com\/wp-content\/uploads\/2025\/04\/Premier_Soins_logo_V2.png\",\"contentUrl\":\"https:\/\/premierssoins.com\/wp-content\/uploads\/2025\/04\/Premier_Soins_logo_V2.png\",\"width\":422,\"height\":85,\"caption\":\"PREMIERS SOINS.com\"},\"image\":{\"@id\":\"https:\/\/premierssoins.com\/#\/schema\/logo\/image\/\"}}]}<\/script>\n<!-- \/ Yoast SEO plugin. -->","yoast_head_json":{"title":"Rapid Relief - Instant Cold Pack (10.2 x 15.2 cm) small ice - PREMIERS SOINS.com","robots":{"index":"index","follow":"follow","max-snippet":"max-snippet:-1","max-image-preview":"max-image-preview:large","max-video-preview":"max-video-preview:-1"},"canonical":"https:\/\/premierssoins.com\/en\/produit\/rapid-relief-instant-cold-pack-10-2-x-15-2-cm-small-ice\/","og_locale":"en_US","og_type":"article","og_title":"Rapid Relief - Instant Cold Pack (10.2 x 15.2 cm) small ice - PREMIERS SOINS.com","og_description":"Complies with the CNESST 2021 Regulation on minimum standards for first aid and FIRST AID One box contains 50 small ice creams Les nouvelles compresses froides instantan\u00e9es Rapid ReliefMD procurent un traitement imm\u00e9diat par le froid pour aider \u00e0 r\u00e9duire l'enflure et \u00e0 procurer un certain confort apr\u00e8s une blessure. Plus besoin d'utiliser de la glace : ces compresses froides instantan\u00e9es et portables peuvent \u00eatre utilis\u00e9es n'importe quand et n'importe o\u00f9. Les compresses froides instantan\u00e9es Rapid ReliefMD sont maintenant dot\u00e9es de la technologie FTPMC. Celle-ci permet \u00e0 l'utilisateur d'activer la compresse froide facilement en pliant simplement le produit en deux, ce qui en fait la compresse froide instantan\u00e9e dont l'activation est la plus facile sur le march\u00e9.  PRODUCT FEATURES AND BENEFITS    Easy activation thanks to new FTPMC technology      Convenience and portability without ever having to worry about leaking and messy ice bags again      Fast relief from the following symptoms:      Bruises and swelling  Muscle spasms and pain  Headaches and minor injuries  Latex-free product  CE Identified  Compliance with the minimum requirements of the American National Standard for Workplace First Aid Kits (ANSI Z308.1-1998)  Trilingual packaging: English, French and Spanish      TEMPERATURE RANGE Rapid ReliefMD Instant Cold Packs are designed to reach 32\u00b0F (0\u00b0C) once activated at room temperature. &nbsp;  PLEASE NOTE: ** LIQUID DELIVERY ** Liquids damaged in transit are not covered by carrier insurance policies.PREMIERS SOINS.com is not responsible for liquids damaged in transit.  &nbsp; &nbsp; &nbsp; &nbsp; &nbsp; &nbsp;","og_url":"https:\/\/premierssoins.com\/en\/produit\/rapid-relief-instant-cold-pack-10-2-x-15-2-cm-small-ice\/","og_site_name":"PREMIERS SOINS.com","og_image":[{"width":220,"height":190,"url":"https:\/\/premierssoins.com\/wp-content\/uploads\/2025\/05\/products-84.jpg","type":"image\/jpeg"}],"twitter_card":"summary_large_image","schema":{"@context":"https:\/\/schema.org","@graph":[{"@type":"WebPage","@id":"https:\/\/premierssoins.com\/en\/produit\/rapid-relief-instant-cold-pack-10-2-x-15-2-cm-small-ice\/","url":"https:\/\/premierssoins.com\/en\/produit\/rapid-relief-instant-cold-pack-10-2-x-15-2-cm-small-ice\/","name":"Rapid Relief - Instant Cold Pack (10.2 x 15.2 cm) small ice - PREMIERS SOINS.com","isPartOf":{"@id":"https:\/\/premierssoins.com\/#website"},"primaryImageOfPage":{"@id":"https:\/\/premierssoins.com\/en\/produit\/rapid-relief-instant-cold-pack-10-2-x-15-2-cm-small-ice\/#primaryimage"},"image":{"@id":"https:\/\/premierssoins.com\/en\/produit\/rapid-relief-instant-cold-pack-10-2-x-15-2-cm-small-ice\/#primaryimage"},"thumbnailUrl":"https:\/\/premierssoins.com\/wp-content\/uploads\/2025\/05\/products-84.jpg","datePublished":"2025-05-22T08:27:24+00:00","breadcrumb":{"@id":"https:\/\/premierssoins.com\/en\/produit\/rapid-relief-instant-cold-pack-10-2-x-15-2-cm-small-ice\/#breadcrumb"},"inLanguage":"en-US","potentialAction":[{"@type":"ReadAction","target":["https:\/\/premierssoins.com\/en\/produit\/rapid-relief-instant-cold-pack-10-2-x-15-2-cm-small-ice\/"]}]},{"@type":"ImageObject","inLanguage":"en-US","@id":"https:\/\/premierssoins.com\/en\/produit\/rapid-relief-instant-cold-pack-10-2-x-15-2-cm-small-ice\/#primaryimage","url":"https:\/\/premierssoins.com\/wp-content\/uploads\/2025\/05\/products-84.jpg","contentUrl":"https:\/\/premierssoins.com\/wp-content\/uploads\/2025\/05\/products-84.jpg","width":220,"height":190},{"@type":"BreadcrumbList","@id":"https:\/\/premierssoins.com\/en\/produit\/rapid-relief-instant-cold-pack-10-2-x-15-2-cm-small-ice\/#breadcrumb","itemListElement":[{"@type":"ListItem","position":1,"name":"Accueil","item":"https:\/\/premierssoins.com\/en\/welcome\/"},{"@type":"ListItem","position":2,"name":"Nos Produits","item":"https:\/\/premierssoins.com\/nos-produits\/"},{"@type":"ListItem","position":3,"name":"Rapid Relief &#8211; Instant Cold Pack (10.2 x 15.2 cm) small ice"}]},{"@type":"WebSite","@id":"https:\/\/premierssoins.com\/#website","url":"https:\/\/premierssoins.com\/","name":"PREMIERS SOINS.com","description":"Formations Croix Rouge | Autres formations | Produits","publisher":{"@id":"https:\/\/premierssoins.com\/#organization"},"potentialAction":[{"@type":"SearchAction","target":{"@type":"EntryPoint","urlTemplate":"https:\/\/premierssoins.com\/?s={search_term_string}"},"query-input":{"@type":"PropertyValueSpecification","valueRequired":true,"valueName":"search_term_string"}}],"inLanguage":"en-US"},{"@type":"Organization","@id":"https:\/\/premierssoins.com\/#organization","name":"PREMIERS SOINS.com","url":"https:\/\/premierssoins.com\/","logo":{"@type":"ImageObject","inLanguage":"en-US","@id":"https:\/\/premierssoins.com\/#\/schema\/logo\/image\/","url":"https:\/\/premierssoins.com\/wp-content\/uploads\/2025\/04\/Premier_Soins_logo_V2.png","contentUrl":"https:\/\/premierssoins.com\/wp-content\/uploads\/2025\/04\/Premier_Soins_logo_V2.png","width":422,"height":85,"caption":"PREMIERS SOINS.com"},"image":{"@id":"https:\/\/premierssoins.com\/#\/schema\/logo\/image\/"}}]}},"_links":{"self":[{"href":"https:\/\/premierssoins.com\/en\/wp-json\/wp\/v2\/product\/14399","targetHints":{"allow":["GET"]}}],"collection":[{"href":"https:\/\/premierssoins.com\/en\/wp-json\/wp\/v2\/product"}],"about":[{"href":"https:\/\/premierssoins.com\/en\/wp-json\/wp\/v2\/types\/product"}],"replies":[{"embeddable":true,"href":"https:\/\/premierssoins.com\/en\/wp-json\/wp\/v2\/comments?post=14399"}],"wp:featuredmedia":[{"embeddable":true,"href":"https:\/\/premierssoins.com\/en\/wp-json\/wp\/v2\/media\/10791"}],"wp:attachment":[{"href":"https:\/\/premierssoins.com\/en\/wp-json\/wp\/v2\/media?parent=14399"}],"wp:term":[{"taxonomy":"product_brand","embeddable":true,"href":"https:\/\/premierssoins.com\/en\/wp-json\/wp\/v2\/product_brand?post=14399"},{"taxonomy":"product_cat","embeddable":true,"href":"https:\/\/premierssoins.com\/en\/wp-json\/wp\/v2\/product_cat?post=14399"},{"taxonomy":"product_tag","embeddable":true,"href":"https:\/\/premierssoins.com\/en\/wp-json\/wp\/v2\/product_tag?post=14399"}],"curies":[{"name":"wp","href":"https:\/\/api.w.org\/{rel}","templated":true}]}}