{"id":16410,"date":"2026-03-10T09:46:47","date_gmt":"2026-03-10T13:46:47","guid":{"rendered":"https:\/\/premierssoins.com\/?post_type=product&#038;p=16410"},"modified":"2026-03-10T09:51:59","modified_gmt":"2026-03-10T13:51:59","slug":"trousse-dans-coffret-dewalt","status":"publish","type":"product","link":"https:\/\/premierssoins.com\/en\/produit\/trousse-dans-coffret-dewalt\/","title":{"rendered":"Trousse dans coffret DeWalt"},"content":{"rendered":"","protected":false},"excerpt":{"rendered":"<div class=\"flex items-center\"><span class=\"type__body--bold text-left\">Description<\/span><\/div>\n<div><\/div>\n<div class=\"accordion-content mb-4\">\n<p>Trousse de premiers soins compl\u00e8te et robuste, con\u00e7ue sp\u00e9cialement pour les chantiers de construction o\u00f9 les risques d&#8217;accidents sont \u00e9lev\u00e9s.<\/p>\n<h4><strong>Caract\u00e9ristiques :<\/strong><\/h4>\n<ul>\n<li>Contenu adapt\u00e9 aux besoins des chantiers de construction (compresses st\u00e9riles, bandages, pansements, gants, d\u00e9sinfectants, mat\u00e9riel de fixation, etc.)<\/li>\n<li>Con\u00e7u pour r\u00e9sister aux conditions exigeantes des chantiers (poussi\u00e8re, humidit\u00e9, manipulation fr\u00e9quente)<\/li>\n<\/ul>\n<\/div>\n<p>&nbsp;<\/p>\n","protected":false},"featured_media":16396,"comment_status":"closed","ping_status":"closed","template":"","meta":[],"product_brand":[],"product_cat":[424,423,406,391,422,16,432,403,476],"product_tag":[],"class_list":{"0":"post-16410","1":"product","2":"type-product","3":"status-publish","4":"has-post-thumbnail","6":"product_cat-construction","7":"product_cat-garderies-cpe","8":"product_cat-patrouille-de-ski","9":"product_cat-protection-pour-transport","10":"product_cat-r-sidences-pour-ain-s","11":"product_cat-tous-les-produits","12":"product_cat-trousses-cnesst-2021","13":"product_cat-trousses-de-premiers-soins","14":"product_cat-vide","16":"first","17":"onbackorder","18":"taxable","19":"shipping-taxable","20":"purchasable","21":"product-type-simple"},"yoast_head":"<!-- This site is optimized with the Yoast SEO plugin v27.2 - https:\/\/yoast.com\/product\/yoast-seo-wordpress\/ -->\n<title>Trousse dans coffret DeWalt - PREMIERS SOINS.com<\/title>\n<meta name=\"robots\" content=\"index, follow, max-snippet:-1, max-image-preview:large, max-video-preview:-1\" \/>\n<link rel=\"canonical\" href=\"https:\/\/premierssoins.com\/produit\/trousse-dans-coffret-dewalt\/\" \/>\n<meta property=\"og:locale\" content=\"en_US\" \/>\n<meta property=\"og:type\" content=\"article\" \/>\n<meta property=\"og:title\" content=\"Trousse dans coffret DeWalt - PREMIERS SOINS.com\" \/>\n<meta property=\"og:description\" content=\"Description    Trousse de premiers soins compl\u00e8te et robuste, con\u00e7ue sp\u00e9cialement pour les chantiers de construction o\u00f9 les risques d&#039;accidents sont \u00e9lev\u00e9s. Caract\u00e9ristiques :   Contenu adapt\u00e9 aux besoins des chantiers de construction (compresses st\u00e9riles, bandages, pansements, gants, d\u00e9sinfectants, mat\u00e9riel de fixation, etc.)  Con\u00e7u pour r\u00e9sister aux conditions exigeantes des chantiers (poussi\u00e8re, humidit\u00e9, manipulation fr\u00e9quente)   &nbsp;\" \/>\n<meta property=\"og:url\" content=\"https:\/\/premierssoins.com\/produit\/trousse-dans-coffret-dewalt\/\" \/>\n<meta property=\"og:site_name\" content=\"PREMIERS SOINS.com\" \/>\n<meta property=\"article:modified_time\" content=\"2026-03-10T13:51:59+00:00\" \/>\n<meta property=\"og:image\" content=\"https:\/\/premierssoins.com\/wp-content\/uploads\/2026\/03\/Trousse-Dewalt-PS-scaled.jpg\" \/>\n\t<meta property=\"og:image:width\" content=\"2560\" \/>\n\t<meta property=\"og:image:height\" content=\"1941\" \/>\n\t<meta property=\"og:image:type\" content=\"image\/jpeg\" \/>\n<meta name=\"twitter:card\" content=\"summary_large_image\" \/>\n<meta name=\"twitter:label1\" content=\"Est. reading time\" \/>\n\t<meta name=\"twitter:data1\" content=\"1 minute\" \/>\n<script type=\"application\/ld+json\" class=\"yoast-schema-graph\">{\"@context\":\"https:\/\/schema.org\",\"@graph\":[{\"@type\":\"WebPage\",\"@id\":\"https:\/\/premierssoins.com\/produit\/trousse-dans-coffret-dewalt\/\",\"url\":\"https:\/\/premierssoins.com\/produit\/trousse-dans-coffret-dewalt\/\",\"name\":\"Trousse dans coffret DeWalt - PREMIERS SOINS.com\",\"isPartOf\":{\"@id\":\"https:\/\/premierssoins.com\/#website\"},\"primaryImageOfPage\":{\"@id\":\"https:\/\/premierssoins.com\/produit\/trousse-dans-coffret-dewalt\/#primaryimage\"},\"image\":{\"@id\":\"https:\/\/premierssoins.com\/produit\/trousse-dans-coffret-dewalt\/#primaryimage\"},\"thumbnailUrl\":\"https:\/\/premierssoins.com\/wp-content\/uploads\/2026\/03\/Trousse-Dewalt-PS-scaled.jpg\",\"datePublished\":\"2026-03-10T13:46:47+00:00\",\"dateModified\":\"2026-03-10T13:51:59+00:00\",\"breadcrumb\":{\"@id\":\"https:\/\/premierssoins.com\/produit\/trousse-dans-coffret-dewalt\/#breadcrumb\"},\"inLanguage\":\"en-US\",\"potentialAction\":[{\"@type\":\"ReadAction\",\"target\":[\"https:\/\/premierssoins.com\/produit\/trousse-dans-coffret-dewalt\/\"]}]},{\"@type\":\"ImageObject\",\"inLanguage\":\"en-US\",\"@id\":\"https:\/\/premierssoins.com\/produit\/trousse-dans-coffret-dewalt\/#primaryimage\",\"url\":\"https:\/\/premierssoins.com\/wp-content\/uploads\/2026\/03\/Trousse-Dewalt-PS-scaled.jpg\",\"contentUrl\":\"https:\/\/premierssoins.com\/wp-content\/uploads\/2026\/03\/Trousse-Dewalt-PS-scaled.jpg\",\"width\":2560,\"height\":1941},{\"@type\":\"BreadcrumbList\",\"@id\":\"https:\/\/premierssoins.com\/produit\/trousse-dans-coffret-dewalt\/#breadcrumb\",\"itemListElement\":[{\"@type\":\"ListItem\",\"position\":1,\"name\":\"Accueil\",\"item\":\"https:\/\/premierssoins.com\/en\/welcome\/\"},{\"@type\":\"ListItem\",\"position\":2,\"name\":\"Nos Produits\",\"item\":\"https:\/\/premierssoins.com\/nos-produits\/\"},{\"@type\":\"ListItem\",\"position\":3,\"name\":\"Trousse dans coffret DeWalt\"}]},{\"@type\":\"WebSite\",\"@id\":\"https:\/\/premierssoins.com\/#website\",\"url\":\"https:\/\/premierssoins.com\/\",\"name\":\"PREMIERS SOINS.com\",\"description\":\"Formations Croix Rouge | Autres formations | Produits\",\"publisher\":{\"@id\":\"https:\/\/premierssoins.com\/#organization\"},\"potentialAction\":[{\"@type\":\"SearchAction\",\"target\":{\"@type\":\"EntryPoint\",\"urlTemplate\":\"https:\/\/premierssoins.com\/?s={search_term_string}\"},\"query-input\":{\"@type\":\"PropertyValueSpecification\",\"valueRequired\":true,\"valueName\":\"search_term_string\"}}],\"inLanguage\":\"en-US\"},{\"@type\":\"Organization\",\"@id\":\"https:\/\/premierssoins.com\/#organization\",\"name\":\"PREMIERS SOINS.com\",\"url\":\"https:\/\/premierssoins.com\/\",\"logo\":{\"@type\":\"ImageObject\",\"inLanguage\":\"en-US\",\"@id\":\"https:\/\/premierssoins.com\/#\/schema\/logo\/image\/\",\"url\":\"https:\/\/premierssoins.com\/wp-content\/uploads\/2025\/04\/Premier_Soins_logo_V2.png\",\"contentUrl\":\"https:\/\/premierssoins.com\/wp-content\/uploads\/2025\/04\/Premier_Soins_logo_V2.png\",\"width\":422,\"height\":85,\"caption\":\"PREMIERS SOINS.com\"},\"image\":{\"@id\":\"https:\/\/premierssoins.com\/#\/schema\/logo\/image\/\"}}]}<\/script>\n<!-- \/ Yoast SEO plugin. -->","yoast_head_json":{"title":"Trousse dans coffret DeWalt - PREMIERS SOINS.com","robots":{"index":"index","follow":"follow","max-snippet":"max-snippet:-1","max-image-preview":"max-image-preview:large","max-video-preview":"max-video-preview:-1"},"canonical":"https:\/\/premierssoins.com\/produit\/trousse-dans-coffret-dewalt\/","og_locale":"en_US","og_type":"article","og_title":"Trousse dans coffret DeWalt - PREMIERS SOINS.com","og_description":"Description    Trousse de premiers soins compl\u00e8te et robuste, con\u00e7ue sp\u00e9cialement pour les chantiers de construction o\u00f9 les risques d'accidents sont \u00e9lev\u00e9s. Caract\u00e9ristiques :   Contenu adapt\u00e9 aux besoins des chantiers de construction (compresses st\u00e9riles, bandages, pansements, gants, d\u00e9sinfectants, mat\u00e9riel de fixation, etc.)  Con\u00e7u pour r\u00e9sister aux conditions exigeantes des chantiers (poussi\u00e8re, humidit\u00e9, manipulation fr\u00e9quente)   &nbsp;","og_url":"https:\/\/premierssoins.com\/produit\/trousse-dans-coffret-dewalt\/","og_site_name":"PREMIERS SOINS.com","article_modified_time":"2026-03-10T13:51:59+00:00","og_image":[{"width":2560,"height":1941,"url":"https:\/\/premierssoins.com\/wp-content\/uploads\/2026\/03\/Trousse-Dewalt-PS-scaled.jpg","type":"image\/jpeg"}],"twitter_card":"summary_large_image","twitter_misc":{"Est. reading time":"1 minute"},"schema":{"@context":"https:\/\/schema.org","@graph":[{"@type":"WebPage","@id":"https:\/\/premierssoins.com\/produit\/trousse-dans-coffret-dewalt\/","url":"https:\/\/premierssoins.com\/produit\/trousse-dans-coffret-dewalt\/","name":"Trousse dans coffret DeWalt - PREMIERS SOINS.com","isPartOf":{"@id":"https:\/\/premierssoins.com\/#website"},"primaryImageOfPage":{"@id":"https:\/\/premierssoins.com\/produit\/trousse-dans-coffret-dewalt\/#primaryimage"},"image":{"@id":"https:\/\/premierssoins.com\/produit\/trousse-dans-coffret-dewalt\/#primaryimage"},"thumbnailUrl":"https:\/\/premierssoins.com\/wp-content\/uploads\/2026\/03\/Trousse-Dewalt-PS-scaled.jpg","datePublished":"2026-03-10T13:46:47+00:00","dateModified":"2026-03-10T13:51:59+00:00","breadcrumb":{"@id":"https:\/\/premierssoins.com\/produit\/trousse-dans-coffret-dewalt\/#breadcrumb"},"inLanguage":"en-US","potentialAction":[{"@type":"ReadAction","target":["https:\/\/premierssoins.com\/produit\/trousse-dans-coffret-dewalt\/"]}]},{"@type":"ImageObject","inLanguage":"en-US","@id":"https:\/\/premierssoins.com\/produit\/trousse-dans-coffret-dewalt\/#primaryimage","url":"https:\/\/premierssoins.com\/wp-content\/uploads\/2026\/03\/Trousse-Dewalt-PS-scaled.jpg","contentUrl":"https:\/\/premierssoins.com\/wp-content\/uploads\/2026\/03\/Trousse-Dewalt-PS-scaled.jpg","width":2560,"height":1941},{"@type":"BreadcrumbList","@id":"https:\/\/premierssoins.com\/produit\/trousse-dans-coffret-dewalt\/#breadcrumb","itemListElement":[{"@type":"ListItem","position":1,"name":"Accueil","item":"https:\/\/premierssoins.com\/en\/welcome\/"},{"@type":"ListItem","position":2,"name":"Nos Produits","item":"https:\/\/premierssoins.com\/nos-produits\/"},{"@type":"ListItem","position":3,"name":"Trousse dans coffret DeWalt"}]},{"@type":"WebSite","@id":"https:\/\/premierssoins.com\/#website","url":"https:\/\/premierssoins.com\/","name":"PREMIERS SOINS.com","description":"Formations Croix Rouge | Autres formations | Produits","publisher":{"@id":"https:\/\/premierssoins.com\/#organization"},"potentialAction":[{"@type":"SearchAction","target":{"@type":"EntryPoint","urlTemplate":"https:\/\/premierssoins.com\/?s={search_term_string}"},"query-input":{"@type":"PropertyValueSpecification","valueRequired":true,"valueName":"search_term_string"}}],"inLanguage":"en-US"},{"@type":"Organization","@id":"https:\/\/premierssoins.com\/#organization","name":"PREMIERS SOINS.com","url":"https:\/\/premierssoins.com\/","logo":{"@type":"ImageObject","inLanguage":"en-US","@id":"https:\/\/premierssoins.com\/#\/schema\/logo\/image\/","url":"https:\/\/premierssoins.com\/wp-content\/uploads\/2025\/04\/Premier_Soins_logo_V2.png","contentUrl":"https:\/\/premierssoins.com\/wp-content\/uploads\/2025\/04\/Premier_Soins_logo_V2.png","width":422,"height":85,"caption":"PREMIERS SOINS.com"},"image":{"@id":"https:\/\/premierssoins.com\/#\/schema\/logo\/image\/"}}]}},"_links":{"self":[{"href":"https:\/\/premierssoins.com\/en\/wp-json\/wp\/v2\/product\/16410","targetHints":{"allow":["GET"]}}],"collection":[{"href":"https:\/\/premierssoins.com\/en\/wp-json\/wp\/v2\/product"}],"about":[{"href":"https:\/\/premierssoins.com\/en\/wp-json\/wp\/v2\/types\/product"}],"replies":[{"embeddable":true,"href":"https:\/\/premierssoins.com\/en\/wp-json\/wp\/v2\/comments?post=16410"}],"wp:featuredmedia":[{"embeddable":true,"href":"https:\/\/premierssoins.com\/en\/wp-json\/wp\/v2\/media\/16396"}],"wp:attachment":[{"href":"https:\/\/premierssoins.com\/en\/wp-json\/wp\/v2\/media?parent=16410"}],"wp:term":[{"taxonomy":"product_brand","embeddable":true,"href":"https:\/\/premierssoins.com\/en\/wp-json\/wp\/v2\/product_brand?post=16410"},{"taxonomy":"product_cat","embeddable":true,"href":"https:\/\/premierssoins.com\/en\/wp-json\/wp\/v2\/product_cat?post=16410"},{"taxonomy":"product_tag","embeddable":true,"href":"https:\/\/premierssoins.com\/en\/wp-json\/wp\/v2\/product_tag?post=16410"}],"curies":[{"name":"wp","href":"https:\/\/api.w.org\/{rel}","templated":true}]}}