{"id":16754,"date":"2026-05-07T08:17:49","date_gmt":"2026-05-07T12:17:49","guid":{"rendered":"https:\/\/premierssoins.com\/?post_type=product&#038;p=16754"},"modified":"2026-05-07T08:24:24","modified_gmt":"2026-05-07T12:24:24","slug":"pansements-en-tissu-pour-jointure-38-x-76-cm-100-boite","status":"publish","type":"product","link":"https:\/\/premierssoins.com\/en\/produit\/pansements-en-tissu-pour-jointure-38-x-76-cm-100-boite\/","title":{"rendered":"Pansements en tissu, pour jointure 3,8 x 7,6 cm, 100\/bo\u00eete"},"content":{"rendered":"","protected":false},"excerpt":{"rendered":"<p>Description du produit<\/p>\n<ul>\n<li>Ces pansements en coton\/rayonne tiss\u00e9s de haute qualit\u00e9 amortissent les plaies et offrent une protection contre l&#8217;infection pour les coupures, \u00e9raflures, \u00e9corchures et br\u00fblures mineures.<\/li>\n<li>Leur structure \u00e0 mailles ouvertes permet \u00e0 la peau de respirer pour une cicatrisation plus rapide.<\/li>\n<li>L&#8217;adh\u00e9sif puissant assure une fixation optimale et un maintien parfait du pansement.<\/li>\n<li>Le coussinet non adh\u00e9rent et hautement absorbant maintient la plaie propre et s\u00e8che pour une cicatrisation plus rapide.<\/li>\n<li>Con\u00e7us pour offrir couverture, protection et confort aux zones difficiles \u00e0 bander comme les articulations des doigts et les coudes.<\/li>\n<li>Leur conception sp\u00e9ciale assure une protection et une flexibilit\u00e9 maximales.<\/li>\n<li>La structure du coussinet emp\u00eache la p\u00e9n\u00e9tration de la salet\u00e9 et des contaminants.<\/li>\n<\/ul>\n","protected":false},"featured_media":16755,"comment_status":"closed","ping_status":"closed","template":"","meta":[],"product_brand":[],"product_cat":[377,16],"product_tag":[],"class_list":{"0":"post-16754","1":"product","2":"type-product","3":"status-publish","4":"has-post-thumbnail","6":"product_cat-pansements-et-bandages","7":"product_cat-tous-les-produits","9":"first","10":"instock","11":"taxable","12":"shipping-taxable","13":"purchasable","14":"product-type-simple"},"yoast_head":"<!-- This site is optimized with the Yoast SEO plugin v27.2 - https:\/\/yoast.com\/product\/yoast-seo-wordpress\/ -->\n<title>Pansements en tissu, pour jointure 3,8 x 7,6 cm, 100\/bo\u00eete - PREMIERS SOINS.com<\/title>\n<meta name=\"robots\" content=\"index, follow, max-snippet:-1, max-image-preview:large, max-video-preview:-1\" \/>\n<link rel=\"canonical\" href=\"https:\/\/premierssoins.com\/produit\/pansements-en-tissu-pour-jointure-38-x-76-cm-100-boite\/\" \/>\n<meta property=\"og:locale\" content=\"en_US\" \/>\n<meta property=\"og:type\" content=\"article\" \/>\n<meta property=\"og:title\" content=\"Pansements en tissu, pour jointure 3,8 x 7,6 cm, 100\/bo\u00eete - PREMIERS SOINS.com\" \/>\n<meta property=\"og:description\" content=\"Description du produit   Ces pansements en coton\/rayonne tiss\u00e9s de haute qualit\u00e9 amortissent les plaies et offrent une protection contre l&#039;infection pour les coupures, \u00e9raflures, \u00e9corchures et br\u00fblures mineures.  Leur structure \u00e0 mailles ouvertes permet \u00e0 la peau de respirer pour une cicatrisation plus rapide.  L&#039;adh\u00e9sif puissant assure une fixation optimale et un maintien parfait du pansement.  Le coussinet non adh\u00e9rent et hautement absorbant maintient la plaie propre et s\u00e8che pour une cicatrisation plus rapide.  Con\u00e7us pour offrir couverture, protection et confort aux zones difficiles \u00e0 bander comme les articulations des doigts et les coudes.  Leur conception sp\u00e9ciale assure une protection et une flexibilit\u00e9 maximales.  La structure du coussinet emp\u00eache la p\u00e9n\u00e9tration de la salet\u00e9 et des contaminants.\" \/>\n<meta property=\"og:url\" content=\"https:\/\/premierssoins.com\/produit\/pansements-en-tissu-pour-jointure-38-x-76-cm-100-boite\/\" \/>\n<meta property=\"og:site_name\" content=\"PREMIERS SOINS.com\" \/>\n<meta property=\"article:modified_time\" content=\"2026-05-07T12:24:24+00:00\" \/>\n<meta property=\"og:image\" content=\"https:\/\/premierssoins.com\/wp-content\/uploads\/2026\/05\/band-jointure-100.png\" \/>\n\t<meta property=\"og:image:width\" content=\"710\" \/>\n\t<meta property=\"og:image:height\" content=\"596\" \/>\n\t<meta property=\"og:image:type\" content=\"image\/png\" \/>\n<meta name=\"twitter:card\" content=\"summary_large_image\" \/>\n<meta name=\"twitter:label1\" content=\"Est. reading time\" \/>\n\t<meta name=\"twitter:data1\" content=\"1 minute\" \/>\n<script type=\"application\/ld+json\" class=\"yoast-schema-graph\">{\"@context\":\"https:\/\/schema.org\",\"@graph\":[{\"@type\":\"WebPage\",\"@id\":\"https:\/\/premierssoins.com\/produit\/pansements-en-tissu-pour-jointure-38-x-76-cm-100-boite\/\",\"url\":\"https:\/\/premierssoins.com\/produit\/pansements-en-tissu-pour-jointure-38-x-76-cm-100-boite\/\",\"name\":\"Pansements en tissu, pour jointure 3,8 x 7,6 cm, 100\/bo\u00eete - PREMIERS SOINS.com\",\"isPartOf\":{\"@id\":\"https:\/\/premierssoins.com\/#website\"},\"primaryImageOfPage\":{\"@id\":\"https:\/\/premierssoins.com\/produit\/pansements-en-tissu-pour-jointure-38-x-76-cm-100-boite\/#primaryimage\"},\"image\":{\"@id\":\"https:\/\/premierssoins.com\/produit\/pansements-en-tissu-pour-jointure-38-x-76-cm-100-boite\/#primaryimage\"},\"thumbnailUrl\":\"https:\/\/premierssoins.com\/wp-content\/uploads\/2026\/05\/band-jointure-100.png\",\"datePublished\":\"2026-05-07T12:17:49+00:00\",\"dateModified\":\"2026-05-07T12:24:24+00:00\",\"breadcrumb\":{\"@id\":\"https:\/\/premierssoins.com\/produit\/pansements-en-tissu-pour-jointure-38-x-76-cm-100-boite\/#breadcrumb\"},\"inLanguage\":\"en-US\",\"potentialAction\":[{\"@type\":\"ReadAction\",\"target\":[\"https:\/\/premierssoins.com\/produit\/pansements-en-tissu-pour-jointure-38-x-76-cm-100-boite\/\"]}]},{\"@type\":\"ImageObject\",\"inLanguage\":\"en-US\",\"@id\":\"https:\/\/premierssoins.com\/produit\/pansements-en-tissu-pour-jointure-38-x-76-cm-100-boite\/#primaryimage\",\"url\":\"https:\/\/premierssoins.com\/wp-content\/uploads\/2026\/05\/band-jointure-100.png\",\"contentUrl\":\"https:\/\/premierssoins.com\/wp-content\/uploads\/2026\/05\/band-jointure-100.png\",\"width\":710,\"height\":596},{\"@type\":\"BreadcrumbList\",\"@id\":\"https:\/\/premierssoins.com\/produit\/pansements-en-tissu-pour-jointure-38-x-76-cm-100-boite\/#breadcrumb\",\"itemListElement\":[{\"@type\":\"ListItem\",\"position\":1,\"name\":\"Accueil\",\"item\":\"https:\/\/premierssoins.com\/en\/welcome\/\"},{\"@type\":\"ListItem\",\"position\":2,\"name\":\"Nos Produits\",\"item\":\"https:\/\/premierssoins.com\/nos-produits\/\"},{\"@type\":\"ListItem\",\"position\":3,\"name\":\"Pansements en tissu, pour jointure 3,8 x 7,6 cm, 100\/bo\u00eete\"}]},{\"@type\":\"WebSite\",\"@id\":\"https:\/\/premierssoins.com\/#website\",\"url\":\"https:\/\/premierssoins.com\/\",\"name\":\"PREMIERS SOINS.com\",\"description\":\"Formations Croix Rouge | Autres formations | Produits\",\"publisher\":{\"@id\":\"https:\/\/premierssoins.com\/#organization\"},\"potentialAction\":[{\"@type\":\"SearchAction\",\"target\":{\"@type\":\"EntryPoint\",\"urlTemplate\":\"https:\/\/premierssoins.com\/?s={search_term_string}\"},\"query-input\":{\"@type\":\"PropertyValueSpecification\",\"valueRequired\":true,\"valueName\":\"search_term_string\"}}],\"inLanguage\":\"en-US\"},{\"@type\":\"Organization\",\"@id\":\"https:\/\/premierssoins.com\/#organization\",\"name\":\"PREMIERS SOINS.com\",\"url\":\"https:\/\/premierssoins.com\/\",\"logo\":{\"@type\":\"ImageObject\",\"inLanguage\":\"en-US\",\"@id\":\"https:\/\/premierssoins.com\/#\/schema\/logo\/image\/\",\"url\":\"https:\/\/premierssoins.com\/wp-content\/uploads\/2025\/04\/Premier_Soins_logo_V2.png\",\"contentUrl\":\"https:\/\/premierssoins.com\/wp-content\/uploads\/2025\/04\/Premier_Soins_logo_V2.png\",\"width\":422,\"height\":85,\"caption\":\"PREMIERS SOINS.com\"},\"image\":{\"@id\":\"https:\/\/premierssoins.com\/#\/schema\/logo\/image\/\"}}]}<\/script>\n<!-- \/ Yoast SEO plugin. -->","yoast_head_json":{"title":"Pansements en tissu, pour jointure 3,8 x 7,6 cm, 100\/bo\u00eete - PREMIERS SOINS.com","robots":{"index":"index","follow":"follow","max-snippet":"max-snippet:-1","max-image-preview":"max-image-preview:large","max-video-preview":"max-video-preview:-1"},"canonical":"https:\/\/premierssoins.com\/produit\/pansements-en-tissu-pour-jointure-38-x-76-cm-100-boite\/","og_locale":"en_US","og_type":"article","og_title":"Pansements en tissu, pour jointure 3,8 x 7,6 cm, 100\/bo\u00eete - PREMIERS SOINS.com","og_description":"Description du produit   Ces pansements en coton\/rayonne tiss\u00e9s de haute qualit\u00e9 amortissent les plaies et offrent une protection contre l'infection pour les coupures, \u00e9raflures, \u00e9corchures et br\u00fblures mineures.  Leur structure \u00e0 mailles ouvertes permet \u00e0 la peau de respirer pour une cicatrisation plus rapide.  L'adh\u00e9sif puissant assure une fixation optimale et un maintien parfait du pansement.  Le coussinet non adh\u00e9rent et hautement absorbant maintient la plaie propre et s\u00e8che pour une cicatrisation plus rapide.  Con\u00e7us pour offrir couverture, protection et confort aux zones difficiles \u00e0 bander comme les articulations des doigts et les coudes.  Leur conception sp\u00e9ciale assure une protection et une flexibilit\u00e9 maximales.  La structure du coussinet emp\u00eache la p\u00e9n\u00e9tration de la salet\u00e9 et des contaminants.","og_url":"https:\/\/premierssoins.com\/produit\/pansements-en-tissu-pour-jointure-38-x-76-cm-100-boite\/","og_site_name":"PREMIERS SOINS.com","article_modified_time":"2026-05-07T12:24:24+00:00","og_image":[{"width":710,"height":596,"url":"https:\/\/premierssoins.com\/wp-content\/uploads\/2026\/05\/band-jointure-100.png","type":"image\/png"}],"twitter_card":"summary_large_image","twitter_misc":{"Est. reading time":"1 minute"},"schema":{"@context":"https:\/\/schema.org","@graph":[{"@type":"WebPage","@id":"https:\/\/premierssoins.com\/produit\/pansements-en-tissu-pour-jointure-38-x-76-cm-100-boite\/","url":"https:\/\/premierssoins.com\/produit\/pansements-en-tissu-pour-jointure-38-x-76-cm-100-boite\/","name":"Pansements en tissu, pour jointure 3,8 x 7,6 cm, 100\/bo\u00eete - PREMIERS SOINS.com","isPartOf":{"@id":"https:\/\/premierssoins.com\/#website"},"primaryImageOfPage":{"@id":"https:\/\/premierssoins.com\/produit\/pansements-en-tissu-pour-jointure-38-x-76-cm-100-boite\/#primaryimage"},"image":{"@id":"https:\/\/premierssoins.com\/produit\/pansements-en-tissu-pour-jointure-38-x-76-cm-100-boite\/#primaryimage"},"thumbnailUrl":"https:\/\/premierssoins.com\/wp-content\/uploads\/2026\/05\/band-jointure-100.png","datePublished":"2026-05-07T12:17:49+00:00","dateModified":"2026-05-07T12:24:24+00:00","breadcrumb":{"@id":"https:\/\/premierssoins.com\/produit\/pansements-en-tissu-pour-jointure-38-x-76-cm-100-boite\/#breadcrumb"},"inLanguage":"en-US","potentialAction":[{"@type":"ReadAction","target":["https:\/\/premierssoins.com\/produit\/pansements-en-tissu-pour-jointure-38-x-76-cm-100-boite\/"]}]},{"@type":"ImageObject","inLanguage":"en-US","@id":"https:\/\/premierssoins.com\/produit\/pansements-en-tissu-pour-jointure-38-x-76-cm-100-boite\/#primaryimage","url":"https:\/\/premierssoins.com\/wp-content\/uploads\/2026\/05\/band-jointure-100.png","contentUrl":"https:\/\/premierssoins.com\/wp-content\/uploads\/2026\/05\/band-jointure-100.png","width":710,"height":596},{"@type":"BreadcrumbList","@id":"https:\/\/premierssoins.com\/produit\/pansements-en-tissu-pour-jointure-38-x-76-cm-100-boite\/#breadcrumb","itemListElement":[{"@type":"ListItem","position":1,"name":"Accueil","item":"https:\/\/premierssoins.com\/en\/welcome\/"},{"@type":"ListItem","position":2,"name":"Nos Produits","item":"https:\/\/premierssoins.com\/nos-produits\/"},{"@type":"ListItem","position":3,"name":"Pansements en tissu, pour jointure 3,8 x 7,6 cm, 100\/bo\u00eete"}]},{"@type":"WebSite","@id":"https:\/\/premierssoins.com\/#website","url":"https:\/\/premierssoins.com\/","name":"PREMIERS SOINS.com","description":"Formations Croix Rouge | Autres formations | Produits","publisher":{"@id":"https:\/\/premierssoins.com\/#organization"},"potentialAction":[{"@type":"SearchAction","target":{"@type":"EntryPoint","urlTemplate":"https:\/\/premierssoins.com\/?s={search_term_string}"},"query-input":{"@type":"PropertyValueSpecification","valueRequired":true,"valueName":"search_term_string"}}],"inLanguage":"en-US"},{"@type":"Organization","@id":"https:\/\/premierssoins.com\/#organization","name":"PREMIERS SOINS.com","url":"https:\/\/premierssoins.com\/","logo":{"@type":"ImageObject","inLanguage":"en-US","@id":"https:\/\/premierssoins.com\/#\/schema\/logo\/image\/","url":"https:\/\/premierssoins.com\/wp-content\/uploads\/2025\/04\/Premier_Soins_logo_V2.png","contentUrl":"https:\/\/premierssoins.com\/wp-content\/uploads\/2025\/04\/Premier_Soins_logo_V2.png","width":422,"height":85,"caption":"PREMIERS SOINS.com"},"image":{"@id":"https:\/\/premierssoins.com\/#\/schema\/logo\/image\/"}}]}},"_links":{"self":[{"href":"https:\/\/premierssoins.com\/en\/wp-json\/wp\/v2\/product\/16754","targetHints":{"allow":["GET"]}}],"collection":[{"href":"https:\/\/premierssoins.com\/en\/wp-json\/wp\/v2\/product"}],"about":[{"href":"https:\/\/premierssoins.com\/en\/wp-json\/wp\/v2\/types\/product"}],"replies":[{"embeddable":true,"href":"https:\/\/premierssoins.com\/en\/wp-json\/wp\/v2\/comments?post=16754"}],"wp:featuredmedia":[{"embeddable":true,"href":"https:\/\/premierssoins.com\/en\/wp-json\/wp\/v2\/media\/16755"}],"wp:attachment":[{"href":"https:\/\/premierssoins.com\/en\/wp-json\/wp\/v2\/media?parent=16754"}],"wp:term":[{"taxonomy":"product_brand","embeddable":true,"href":"https:\/\/premierssoins.com\/en\/wp-json\/wp\/v2\/product_brand?post=16754"},{"taxonomy":"product_cat","embeddable":true,"href":"https:\/\/premierssoins.com\/en\/wp-json\/wp\/v2\/product_cat?post=16754"},{"taxonomy":"product_tag","embeddable":true,"href":"https:\/\/premierssoins.com\/en\/wp-json\/wp\/v2\/product_tag?post=16754"}],"curies":[{"name":"wp","href":"https:\/\/api.w.org\/{rel}","templated":true}]}}