{"id":16794,"date":"2026-05-11T13:50:49","date_gmt":"2026-05-11T17:50:49","guid":{"rendered":"https:\/\/premierssoins.com\/?post_type=product&#038;p=16794"},"modified":"2026-05-11T13:54:54","modified_gmt":"2026-05-11T17:54:54","slug":"gants-chirurgicaux-en-latex-steriles-50-paires-par-boite-grand","status":"publish","type":"product","link":"https:\/\/premierssoins.com\/en\/produit\/gants-chirurgicaux-en-latex-steriles-50-paires-par-boite-grand\/","title":{"rendered":"Gants chirurgicaux en latex st\u00e9riles 50 paires par boite (grand)"},"content":{"rendered":"","protected":false},"excerpt":{"rendered":"<p><strong>Description du produit :<\/strong><\/p>\n<ul>\n<li>Gants m\u00e9dicaux jetables en latex de qualit\u00e9 chirurgicale. Ils emp\u00eachent le contact direct avec le sang et autres liquides biologiques.<\/li>\n<li>Emball\u00e9s individuellement par paires (main gauche et main droite).<\/li>\n<li>La texture en relief offre une meilleure prise en main et un confort accru.<\/li>\n<li>Conformes ou sup\u00e9rieurs aux exigences de la CGSB (Office canadien des normes g\u00e9n\u00e9rales) avec un niveau de qualit\u00e9 assur\u00e9 (NQA) minimal de 1,5 pour l\u2019absence de perforations.<\/li>\n<li>Contient du latex de caoutchouc naturel.<\/li>\n<li>Poudr\u00e9s.<\/li>\n<\/ul>\n<p>\u00c9paisseur du gant (au bout des doigts)\u00a0: 3,9 mils<\/p>\n<p>Image \u00e0 titre indicatif<\/p>\n","protected":false},"featured_media":16792,"comment_status":"closed","ping_status":"closed","template":"","meta":[],"product_brand":[],"product_cat":[429,407,16],"product_tag":[],"class_list":{"0":"post-16794","1":"product","2":"type-product","3":"status-publish","4":"has-post-thumbnail","6":"product_cat-quipements-de-protection-covid-19-pi","7":"product_cat-gants-de-protection","8":"product_cat-tous-les-produits","10":"first","11":"onbackorder","12":"taxable","13":"shipping-taxable","14":"purchasable","15":"product-type-simple"},"yoast_head":"<!-- This site is optimized with the Yoast SEO plugin v27.2 - https:\/\/yoast.com\/product\/yoast-seo-wordpress\/ -->\n<title>Gants chirurgicaux en latex st\u00e9riles 50 paires par boite (grand) - PREMIERS SOINS.com<\/title>\n<meta name=\"robots\" content=\"index, follow, max-snippet:-1, max-image-preview:large, max-video-preview:-1\" \/>\n<link rel=\"canonical\" href=\"https:\/\/premierssoins.com\/produit\/gants-chirurgicaux-en-latex-steriles-50-paires-par-boite-grand\/\" \/>\n<meta property=\"og:locale\" content=\"en_US\" \/>\n<meta property=\"og:type\" content=\"article\" \/>\n<meta property=\"og:title\" content=\"Gants chirurgicaux en latex st\u00e9riles 50 paires par boite (grand) - PREMIERS SOINS.com\" \/>\n<meta property=\"og:description\" content=\"Description du produit :   Gants m\u00e9dicaux jetables en latex de qualit\u00e9 chirurgicale. Ils emp\u00eachent le contact direct avec le sang et autres liquides biologiques.  Emball\u00e9s individuellement par paires (main gauche et main droite).  La texture en relief offre une meilleure prise en main et un confort accru.  Conformes ou sup\u00e9rieurs aux exigences de la CGSB (Office canadien des normes g\u00e9n\u00e9rales) avec un niveau de qualit\u00e9 assur\u00e9 (NQA) minimal de 1,5 pour l\u2019absence de perforations.  Contient du latex de caoutchouc naturel.  Poudr\u00e9s.  \u00c9paisseur du gant (au bout des doigts)\u00a0: 3,9 mils  Image \u00e0 titre indicatif\" \/>\n<meta property=\"og:url\" content=\"https:\/\/premierssoins.com\/produit\/gants-chirurgicaux-en-latex-steriles-50-paires-par-boite-grand\/\" \/>\n<meta property=\"og:site_name\" content=\"PREMIERS SOINS.com\" \/>\n<meta property=\"article:modified_time\" content=\"2026-05-11T17:54:54+00:00\" \/>\n<meta property=\"og:image\" content=\"https:\/\/premierssoins.com\/wp-content\/uploads\/2026\/05\/gant-chirurgicaux-sterile-en-latex.png\" \/>\n\t<meta property=\"og:image:width\" content=\"800\" \/>\n\t<meta property=\"og:image:height\" content=\"800\" \/>\n\t<meta property=\"og:image:type\" content=\"image\/png\" \/>\n<meta name=\"twitter:card\" content=\"summary_large_image\" \/>\n<meta name=\"twitter:label1\" content=\"Est. reading time\" \/>\n\t<meta name=\"twitter:data1\" content=\"1 minute\" \/>\n<script type=\"application\/ld+json\" class=\"yoast-schema-graph\">{\"@context\":\"https:\/\/schema.org\",\"@graph\":[{\"@type\":\"WebPage\",\"@id\":\"https:\/\/premierssoins.com\/produit\/gants-chirurgicaux-en-latex-steriles-50-paires-par-boite-grand\/\",\"url\":\"https:\/\/premierssoins.com\/produit\/gants-chirurgicaux-en-latex-steriles-50-paires-par-boite-grand\/\",\"name\":\"Gants chirurgicaux en latex st\u00e9riles 50 paires par boite (grand) - PREMIERS SOINS.com\",\"isPartOf\":{\"@id\":\"https:\/\/premierssoins.com\/#website\"},\"primaryImageOfPage\":{\"@id\":\"https:\/\/premierssoins.com\/produit\/gants-chirurgicaux-en-latex-steriles-50-paires-par-boite-grand\/#primaryimage\"},\"image\":{\"@id\":\"https:\/\/premierssoins.com\/produit\/gants-chirurgicaux-en-latex-steriles-50-paires-par-boite-grand\/#primaryimage\"},\"thumbnailUrl\":\"https:\/\/premierssoins.com\/wp-content\/uploads\/2026\/05\/gant-chirurgicaux-sterile-en-latex.png\",\"datePublished\":\"2026-05-11T17:50:49+00:00\",\"dateModified\":\"2026-05-11T17:54:54+00:00\",\"breadcrumb\":{\"@id\":\"https:\/\/premierssoins.com\/produit\/gants-chirurgicaux-en-latex-steriles-50-paires-par-boite-grand\/#breadcrumb\"},\"inLanguage\":\"en-US\",\"potentialAction\":[{\"@type\":\"ReadAction\",\"target\":[\"https:\/\/premierssoins.com\/produit\/gants-chirurgicaux-en-latex-steriles-50-paires-par-boite-grand\/\"]}]},{\"@type\":\"ImageObject\",\"inLanguage\":\"en-US\",\"@id\":\"https:\/\/premierssoins.com\/produit\/gants-chirurgicaux-en-latex-steriles-50-paires-par-boite-grand\/#primaryimage\",\"url\":\"https:\/\/premierssoins.com\/wp-content\/uploads\/2026\/05\/gant-chirurgicaux-sterile-en-latex.png\",\"contentUrl\":\"https:\/\/premierssoins.com\/wp-content\/uploads\/2026\/05\/gant-chirurgicaux-sterile-en-latex.png\",\"width\":800,\"height\":800},{\"@type\":\"BreadcrumbList\",\"@id\":\"https:\/\/premierssoins.com\/produit\/gants-chirurgicaux-en-latex-steriles-50-paires-par-boite-grand\/#breadcrumb\",\"itemListElement\":[{\"@type\":\"ListItem\",\"position\":1,\"name\":\"Accueil\",\"item\":\"https:\/\/premierssoins.com\/en\/welcome\/\"},{\"@type\":\"ListItem\",\"position\":2,\"name\":\"Nos Produits\",\"item\":\"https:\/\/premierssoins.com\/nos-produits\/\"},{\"@type\":\"ListItem\",\"position\":3,\"name\":\"Gants chirurgicaux en latex st\u00e9riles 50 paires par boite (grand)\"}]},{\"@type\":\"WebSite\",\"@id\":\"https:\/\/premierssoins.com\/#website\",\"url\":\"https:\/\/premierssoins.com\/\",\"name\":\"PREMIERS SOINS.com\",\"description\":\"Formations Croix Rouge | Autres formations | Produits\",\"publisher\":{\"@id\":\"https:\/\/premierssoins.com\/#organization\"},\"potentialAction\":[{\"@type\":\"SearchAction\",\"target\":{\"@type\":\"EntryPoint\",\"urlTemplate\":\"https:\/\/premierssoins.com\/?s={search_term_string}\"},\"query-input\":{\"@type\":\"PropertyValueSpecification\",\"valueRequired\":true,\"valueName\":\"search_term_string\"}}],\"inLanguage\":\"en-US\"},{\"@type\":\"Organization\",\"@id\":\"https:\/\/premierssoins.com\/#organization\",\"name\":\"PREMIERS SOINS.com\",\"url\":\"https:\/\/premierssoins.com\/\",\"logo\":{\"@type\":\"ImageObject\",\"inLanguage\":\"en-US\",\"@id\":\"https:\/\/premierssoins.com\/#\/schema\/logo\/image\/\",\"url\":\"https:\/\/premierssoins.com\/wp-content\/uploads\/2025\/04\/Premier_Soins_logo_V2.png\",\"contentUrl\":\"https:\/\/premierssoins.com\/wp-content\/uploads\/2025\/04\/Premier_Soins_logo_V2.png\",\"width\":422,\"height\":85,\"caption\":\"PREMIERS SOINS.com\"},\"image\":{\"@id\":\"https:\/\/premierssoins.com\/#\/schema\/logo\/image\/\"}}]}<\/script>\n<!-- \/ Yoast SEO plugin. -->","yoast_head_json":{"title":"Gants chirurgicaux en latex st\u00e9riles 50 paires par boite (grand) - PREMIERS SOINS.com","robots":{"index":"index","follow":"follow","max-snippet":"max-snippet:-1","max-image-preview":"max-image-preview:large","max-video-preview":"max-video-preview:-1"},"canonical":"https:\/\/premierssoins.com\/produit\/gants-chirurgicaux-en-latex-steriles-50-paires-par-boite-grand\/","og_locale":"en_US","og_type":"article","og_title":"Gants chirurgicaux en latex st\u00e9riles 50 paires par boite (grand) - PREMIERS SOINS.com","og_description":"Description du produit :   Gants m\u00e9dicaux jetables en latex de qualit\u00e9 chirurgicale. Ils emp\u00eachent le contact direct avec le sang et autres liquides biologiques.  Emball\u00e9s individuellement par paires (main gauche et main droite).  La texture en relief offre une meilleure prise en main et un confort accru.  Conformes ou sup\u00e9rieurs aux exigences de la CGSB (Office canadien des normes g\u00e9n\u00e9rales) avec un niveau de qualit\u00e9 assur\u00e9 (NQA) minimal de 1,5 pour l\u2019absence de perforations.  Contient du latex de caoutchouc naturel.  Poudr\u00e9s.  \u00c9paisseur du gant (au bout des doigts)\u00a0: 3,9 mils  Image \u00e0 titre indicatif","og_url":"https:\/\/premierssoins.com\/produit\/gants-chirurgicaux-en-latex-steriles-50-paires-par-boite-grand\/","og_site_name":"PREMIERS SOINS.com","article_modified_time":"2026-05-11T17:54:54+00:00","og_image":[{"width":800,"height":800,"url":"https:\/\/premierssoins.com\/wp-content\/uploads\/2026\/05\/gant-chirurgicaux-sterile-en-latex.png","type":"image\/png"}],"twitter_card":"summary_large_image","twitter_misc":{"Est. reading time":"1 minute"},"schema":{"@context":"https:\/\/schema.org","@graph":[{"@type":"WebPage","@id":"https:\/\/premierssoins.com\/produit\/gants-chirurgicaux-en-latex-steriles-50-paires-par-boite-grand\/","url":"https:\/\/premierssoins.com\/produit\/gants-chirurgicaux-en-latex-steriles-50-paires-par-boite-grand\/","name":"Gants chirurgicaux en latex st\u00e9riles 50 paires par boite (grand) - PREMIERS SOINS.com","isPartOf":{"@id":"https:\/\/premierssoins.com\/#website"},"primaryImageOfPage":{"@id":"https:\/\/premierssoins.com\/produit\/gants-chirurgicaux-en-latex-steriles-50-paires-par-boite-grand\/#primaryimage"},"image":{"@id":"https:\/\/premierssoins.com\/produit\/gants-chirurgicaux-en-latex-steriles-50-paires-par-boite-grand\/#primaryimage"},"thumbnailUrl":"https:\/\/premierssoins.com\/wp-content\/uploads\/2026\/05\/gant-chirurgicaux-sterile-en-latex.png","datePublished":"2026-05-11T17:50:49+00:00","dateModified":"2026-05-11T17:54:54+00:00","breadcrumb":{"@id":"https:\/\/premierssoins.com\/produit\/gants-chirurgicaux-en-latex-steriles-50-paires-par-boite-grand\/#breadcrumb"},"inLanguage":"en-US","potentialAction":[{"@type":"ReadAction","target":["https:\/\/premierssoins.com\/produit\/gants-chirurgicaux-en-latex-steriles-50-paires-par-boite-grand\/"]}]},{"@type":"ImageObject","inLanguage":"en-US","@id":"https:\/\/premierssoins.com\/produit\/gants-chirurgicaux-en-latex-steriles-50-paires-par-boite-grand\/#primaryimage","url":"https:\/\/premierssoins.com\/wp-content\/uploads\/2026\/05\/gant-chirurgicaux-sterile-en-latex.png","contentUrl":"https:\/\/premierssoins.com\/wp-content\/uploads\/2026\/05\/gant-chirurgicaux-sterile-en-latex.png","width":800,"height":800},{"@type":"BreadcrumbList","@id":"https:\/\/premierssoins.com\/produit\/gants-chirurgicaux-en-latex-steriles-50-paires-par-boite-grand\/#breadcrumb","itemListElement":[{"@type":"ListItem","position":1,"name":"Accueil","item":"https:\/\/premierssoins.com\/en\/welcome\/"},{"@type":"ListItem","position":2,"name":"Nos Produits","item":"https:\/\/premierssoins.com\/nos-produits\/"},{"@type":"ListItem","position":3,"name":"Gants chirurgicaux en latex st\u00e9riles 50 paires par boite (grand)"}]},{"@type":"WebSite","@id":"https:\/\/premierssoins.com\/#website","url":"https:\/\/premierssoins.com\/","name":"PREMIERS SOINS.com","description":"Formations Croix Rouge | Autres formations | Produits","publisher":{"@id":"https:\/\/premierssoins.com\/#organization"},"potentialAction":[{"@type":"SearchAction","target":{"@type":"EntryPoint","urlTemplate":"https:\/\/premierssoins.com\/?s={search_term_string}"},"query-input":{"@type":"PropertyValueSpecification","valueRequired":true,"valueName":"search_term_string"}}],"inLanguage":"en-US"},{"@type":"Organization","@id":"https:\/\/premierssoins.com\/#organization","name":"PREMIERS SOINS.com","url":"https:\/\/premierssoins.com\/","logo":{"@type":"ImageObject","inLanguage":"en-US","@id":"https:\/\/premierssoins.com\/#\/schema\/logo\/image\/","url":"https:\/\/premierssoins.com\/wp-content\/uploads\/2025\/04\/Premier_Soins_logo_V2.png","contentUrl":"https:\/\/premierssoins.com\/wp-content\/uploads\/2025\/04\/Premier_Soins_logo_V2.png","width":422,"height":85,"caption":"PREMIERS SOINS.com"},"image":{"@id":"https:\/\/premierssoins.com\/#\/schema\/logo\/image\/"}}]}},"_links":{"self":[{"href":"https:\/\/premierssoins.com\/en\/wp-json\/wp\/v2\/product\/16794","targetHints":{"allow":["GET"]}}],"collection":[{"href":"https:\/\/premierssoins.com\/en\/wp-json\/wp\/v2\/product"}],"about":[{"href":"https:\/\/premierssoins.com\/en\/wp-json\/wp\/v2\/types\/product"}],"replies":[{"embeddable":true,"href":"https:\/\/premierssoins.com\/en\/wp-json\/wp\/v2\/comments?post=16794"}],"wp:featuredmedia":[{"embeddable":true,"href":"https:\/\/premierssoins.com\/en\/wp-json\/wp\/v2\/media\/16792"}],"wp:attachment":[{"href":"https:\/\/premierssoins.com\/en\/wp-json\/wp\/v2\/media?parent=16794"}],"wp:term":[{"taxonomy":"product_brand","embeddable":true,"href":"https:\/\/premierssoins.com\/en\/wp-json\/wp\/v2\/product_brand?post=16794"},{"taxonomy":"product_cat","embeddable":true,"href":"https:\/\/premierssoins.com\/en\/wp-json\/wp\/v2\/product_cat?post=16794"},{"taxonomy":"product_tag","embeddable":true,"href":"https:\/\/premierssoins.com\/en\/wp-json\/wp\/v2\/product_tag?post=16794"}],"curies":[{"name":"wp","href":"https:\/\/api.w.org\/{rel}","templated":true}]}}