{"id":16801,"date":"2026-05-12T16:23:16","date_gmt":"2026-05-12T20:23:16","guid":{"rendered":"https:\/\/premierssoins.com\/?post_type=product&#038;p=16801"},"modified":"2026-05-12T16:26:35","modified_gmt":"2026-05-12T20:26:35","slug":"eponges-non-tissees-51-x-51-cm-4-plis-2-unites-steriles-boite-de-25","status":"publish","type":"product","link":"https:\/\/premierssoins.com\/en\/produit\/eponges-non-tissees-51-x-51-cm-4-plis-2-unites-steriles-boite-de-25\/","title":{"rendered":"\u00c9ponges non tiss\u00e9es, 5,1 x 5,1 cm, 4 plis, 2 unit\u00e9s, st\u00e9riles, bo\u00eete de 25"},"content":{"rendered":"","protected":false},"excerpt":{"rendered":"<p><strong>Description du produit :<\/strong><\/p>\n<ul>\n<li>\u00c9ponges de haute qualit\u00e9, compos\u00e9es de 4 plis d&#8217;un m\u00e9lange non tiss\u00e9 de polyester et de viscose, offrant une absorption et une respirabilit\u00e9 optimales.<\/li>\n<li>Leurs bords anti-effilochage r\u00e9duisent les peluches, le d\u00e9nouement et les accrocs, pour une gestion plus propre et plus s\u00fbre des plaies et des incisions.<\/li>\n<li>2 \u00e9ponges par sachet ; 25 sachets par plateau.<\/li>\n<\/ul>\n<p>Image \u00e0 titre indicatif<\/p>\n","protected":false},"featured_media":16802,"comment_status":"closed","ping_status":"closed","template":"","meta":[],"product_brand":[],"product_cat":[378,395,423,377,16],"product_tag":[],"class_list":{"0":"post-16801","1":"product","2":"type-product","3":"status-publish","4":"has-post-thumbnail","6":"product_cat-compresses-de-gaze","7":"product_cat-compresses-de-gaze-2","8":"product_cat-garderies-cpe","9":"product_cat-pansements-et-bandages","10":"product_cat-tous-les-produits","12":"first","13":"onbackorder","14":"taxable","15":"shipping-taxable","16":"purchasable","17":"product-type-simple"},"yoast_head":"<!-- This site is optimized with the Yoast SEO plugin v27.2 - https:\/\/yoast.com\/product\/yoast-seo-wordpress\/ -->\n<title>\u00c9ponges non tiss\u00e9es, 5,1 x 5,1 cm, 4 plis, 2 unit\u00e9s, st\u00e9riles, bo\u00eete de 25 - PREMIERS SOINS.com<\/title>\n<meta name=\"robots\" content=\"index, follow, max-snippet:-1, max-image-preview:large, max-video-preview:-1\" \/>\n<link rel=\"canonical\" href=\"https:\/\/premierssoins.com\/produit\/eponges-non-tissees-51-x-51-cm-4-plis-2-unites-steriles-boite-de-25\/\" \/>\n<meta property=\"og:locale\" content=\"en_US\" \/>\n<meta property=\"og:type\" content=\"article\" \/>\n<meta property=\"og:title\" content=\"\u00c9ponges non tiss\u00e9es, 5,1 x 5,1 cm, 4 plis, 2 unit\u00e9s, st\u00e9riles, bo\u00eete de 25 - PREMIERS SOINS.com\" \/>\n<meta property=\"og:description\" content=\"Description du produit :   \u00c9ponges de haute qualit\u00e9, compos\u00e9es de 4 plis d&#039;un m\u00e9lange non tiss\u00e9 de polyester et de viscose, offrant une absorption et une respirabilit\u00e9 optimales.  Leurs bords anti-effilochage r\u00e9duisent les peluches, le d\u00e9nouement et les accrocs, pour une gestion plus propre et plus s\u00fbre des plaies et des incisions.  2 \u00e9ponges par sachet ; 25 sachets par plateau.  Image \u00e0 titre indicatif\" \/>\n<meta property=\"og:url\" content=\"https:\/\/premierssoins.com\/produit\/eponges-non-tissees-51-x-51-cm-4-plis-2-unites-steriles-boite-de-25\/\" \/>\n<meta property=\"og:site_name\" content=\"PREMIERS SOINS.com\" \/>\n<meta property=\"article:modified_time\" content=\"2026-05-12T20:26:35+00:00\" \/>\n<meta property=\"og:image\" content=\"https:\/\/premierssoins.com\/wp-content\/uploads\/2026\/05\/eponge-non-tisse-2x2-sterile.png\" \/>\n\t<meta property=\"og:image:width\" content=\"710\" \/>\n\t<meta property=\"og:image:height\" content=\"596\" \/>\n\t<meta property=\"og:image:type\" content=\"image\/png\" \/>\n<meta name=\"twitter:card\" content=\"summary_large_image\" \/>\n<meta name=\"twitter:label1\" content=\"Est. reading time\" \/>\n\t<meta name=\"twitter:data1\" content=\"1 minute\" \/>\n<script type=\"application\/ld+json\" class=\"yoast-schema-graph\">{\"@context\":\"https:\/\/schema.org\",\"@graph\":[{\"@type\":\"WebPage\",\"@id\":\"https:\/\/premierssoins.com\/produit\/eponges-non-tissees-51-x-51-cm-4-plis-2-unites-steriles-boite-de-25\/\",\"url\":\"https:\/\/premierssoins.com\/produit\/eponges-non-tissees-51-x-51-cm-4-plis-2-unites-steriles-boite-de-25\/\",\"name\":\"\u00c9ponges non tiss\u00e9es, 5,1 x 5,1 cm, 4 plis, 2 unit\u00e9s, st\u00e9riles, bo\u00eete de 25 - PREMIERS SOINS.com\",\"isPartOf\":{\"@id\":\"https:\/\/premierssoins.com\/#website\"},\"primaryImageOfPage\":{\"@id\":\"https:\/\/premierssoins.com\/produit\/eponges-non-tissees-51-x-51-cm-4-plis-2-unites-steriles-boite-de-25\/#primaryimage\"},\"image\":{\"@id\":\"https:\/\/premierssoins.com\/produit\/eponges-non-tissees-51-x-51-cm-4-plis-2-unites-steriles-boite-de-25\/#primaryimage\"},\"thumbnailUrl\":\"https:\/\/premierssoins.com\/wp-content\/uploads\/2026\/05\/eponge-non-tisse-2x2-sterile.png\",\"datePublished\":\"2026-05-12T20:23:16+00:00\",\"dateModified\":\"2026-05-12T20:26:35+00:00\",\"breadcrumb\":{\"@id\":\"https:\/\/premierssoins.com\/produit\/eponges-non-tissees-51-x-51-cm-4-plis-2-unites-steriles-boite-de-25\/#breadcrumb\"},\"inLanguage\":\"en-US\",\"potentialAction\":[{\"@type\":\"ReadAction\",\"target\":[\"https:\/\/premierssoins.com\/produit\/eponges-non-tissees-51-x-51-cm-4-plis-2-unites-steriles-boite-de-25\/\"]}]},{\"@type\":\"ImageObject\",\"inLanguage\":\"en-US\",\"@id\":\"https:\/\/premierssoins.com\/produit\/eponges-non-tissees-51-x-51-cm-4-plis-2-unites-steriles-boite-de-25\/#primaryimage\",\"url\":\"https:\/\/premierssoins.com\/wp-content\/uploads\/2026\/05\/eponge-non-tisse-2x2-sterile.png\",\"contentUrl\":\"https:\/\/premierssoins.com\/wp-content\/uploads\/2026\/05\/eponge-non-tisse-2x2-sterile.png\",\"width\":710,\"height\":596},{\"@type\":\"BreadcrumbList\",\"@id\":\"https:\/\/premierssoins.com\/produit\/eponges-non-tissees-51-x-51-cm-4-plis-2-unites-steriles-boite-de-25\/#breadcrumb\",\"itemListElement\":[{\"@type\":\"ListItem\",\"position\":1,\"name\":\"Accueil\",\"item\":\"https:\/\/premierssoins.com\/en\/welcome\/\"},{\"@type\":\"ListItem\",\"position\":2,\"name\":\"Nos Produits\",\"item\":\"https:\/\/premierssoins.com\/nos-produits\/\"},{\"@type\":\"ListItem\",\"position\":3,\"name\":\"\u00c9ponges non tiss\u00e9es, 5,1 x 5,1 cm, 4 plis, 2 unit\u00e9s, st\u00e9riles, bo\u00eete de 25\"}]},{\"@type\":\"WebSite\",\"@id\":\"https:\/\/premierssoins.com\/#website\",\"url\":\"https:\/\/premierssoins.com\/\",\"name\":\"PREMIERS SOINS.com\",\"description\":\"Formations Croix Rouge | Autres formations | Produits\",\"publisher\":{\"@id\":\"https:\/\/premierssoins.com\/#organization\"},\"potentialAction\":[{\"@type\":\"SearchAction\",\"target\":{\"@type\":\"EntryPoint\",\"urlTemplate\":\"https:\/\/premierssoins.com\/?s={search_term_string}\"},\"query-input\":{\"@type\":\"PropertyValueSpecification\",\"valueRequired\":true,\"valueName\":\"search_term_string\"}}],\"inLanguage\":\"en-US\"},{\"@type\":\"Organization\",\"@id\":\"https:\/\/premierssoins.com\/#organization\",\"name\":\"PREMIERS SOINS.com\",\"url\":\"https:\/\/premierssoins.com\/\",\"logo\":{\"@type\":\"ImageObject\",\"inLanguage\":\"en-US\",\"@id\":\"https:\/\/premierssoins.com\/#\/schema\/logo\/image\/\",\"url\":\"https:\/\/premierssoins.com\/wp-content\/uploads\/2025\/04\/Premier_Soins_logo_V2.png\",\"contentUrl\":\"https:\/\/premierssoins.com\/wp-content\/uploads\/2025\/04\/Premier_Soins_logo_V2.png\",\"width\":422,\"height\":85,\"caption\":\"PREMIERS SOINS.com\"},\"image\":{\"@id\":\"https:\/\/premierssoins.com\/#\/schema\/logo\/image\/\"}}]}<\/script>\n<!-- \/ Yoast SEO plugin. -->","yoast_head_json":{"title":"\u00c9ponges non tiss\u00e9es, 5,1 x 5,1 cm, 4 plis, 2 unit\u00e9s, st\u00e9riles, bo\u00eete de 25 - PREMIERS SOINS.com","robots":{"index":"index","follow":"follow","max-snippet":"max-snippet:-1","max-image-preview":"max-image-preview:large","max-video-preview":"max-video-preview:-1"},"canonical":"https:\/\/premierssoins.com\/produit\/eponges-non-tissees-51-x-51-cm-4-plis-2-unites-steriles-boite-de-25\/","og_locale":"en_US","og_type":"article","og_title":"\u00c9ponges non tiss\u00e9es, 5,1 x 5,1 cm, 4 plis, 2 unit\u00e9s, st\u00e9riles, bo\u00eete de 25 - PREMIERS SOINS.com","og_description":"Description du produit :   \u00c9ponges de haute qualit\u00e9, compos\u00e9es de 4 plis d'un m\u00e9lange non tiss\u00e9 de polyester et de viscose, offrant une absorption et une respirabilit\u00e9 optimales.  Leurs bords anti-effilochage r\u00e9duisent les peluches, le d\u00e9nouement et les accrocs, pour une gestion plus propre et plus s\u00fbre des plaies et des incisions.  2 \u00e9ponges par sachet ; 25 sachets par plateau.  Image \u00e0 titre indicatif","og_url":"https:\/\/premierssoins.com\/produit\/eponges-non-tissees-51-x-51-cm-4-plis-2-unites-steriles-boite-de-25\/","og_site_name":"PREMIERS SOINS.com","article_modified_time":"2026-05-12T20:26:35+00:00","og_image":[{"width":710,"height":596,"url":"https:\/\/premierssoins.com\/wp-content\/uploads\/2026\/05\/eponge-non-tisse-2x2-sterile.png","type":"image\/png"}],"twitter_card":"summary_large_image","twitter_misc":{"Est. reading time":"1 minute"},"schema":{"@context":"https:\/\/schema.org","@graph":[{"@type":"WebPage","@id":"https:\/\/premierssoins.com\/produit\/eponges-non-tissees-51-x-51-cm-4-plis-2-unites-steriles-boite-de-25\/","url":"https:\/\/premierssoins.com\/produit\/eponges-non-tissees-51-x-51-cm-4-plis-2-unites-steriles-boite-de-25\/","name":"\u00c9ponges non tiss\u00e9es, 5,1 x 5,1 cm, 4 plis, 2 unit\u00e9s, st\u00e9riles, bo\u00eete de 25 - PREMIERS SOINS.com","isPartOf":{"@id":"https:\/\/premierssoins.com\/#website"},"primaryImageOfPage":{"@id":"https:\/\/premierssoins.com\/produit\/eponges-non-tissees-51-x-51-cm-4-plis-2-unites-steriles-boite-de-25\/#primaryimage"},"image":{"@id":"https:\/\/premierssoins.com\/produit\/eponges-non-tissees-51-x-51-cm-4-plis-2-unites-steriles-boite-de-25\/#primaryimage"},"thumbnailUrl":"https:\/\/premierssoins.com\/wp-content\/uploads\/2026\/05\/eponge-non-tisse-2x2-sterile.png","datePublished":"2026-05-12T20:23:16+00:00","dateModified":"2026-05-12T20:26:35+00:00","breadcrumb":{"@id":"https:\/\/premierssoins.com\/produit\/eponges-non-tissees-51-x-51-cm-4-plis-2-unites-steriles-boite-de-25\/#breadcrumb"},"inLanguage":"en-US","potentialAction":[{"@type":"ReadAction","target":["https:\/\/premierssoins.com\/produit\/eponges-non-tissees-51-x-51-cm-4-plis-2-unites-steriles-boite-de-25\/"]}]},{"@type":"ImageObject","inLanguage":"en-US","@id":"https:\/\/premierssoins.com\/produit\/eponges-non-tissees-51-x-51-cm-4-plis-2-unites-steriles-boite-de-25\/#primaryimage","url":"https:\/\/premierssoins.com\/wp-content\/uploads\/2026\/05\/eponge-non-tisse-2x2-sterile.png","contentUrl":"https:\/\/premierssoins.com\/wp-content\/uploads\/2026\/05\/eponge-non-tisse-2x2-sterile.png","width":710,"height":596},{"@type":"BreadcrumbList","@id":"https:\/\/premierssoins.com\/produit\/eponges-non-tissees-51-x-51-cm-4-plis-2-unites-steriles-boite-de-25\/#breadcrumb","itemListElement":[{"@type":"ListItem","position":1,"name":"Accueil","item":"https:\/\/premierssoins.com\/en\/welcome\/"},{"@type":"ListItem","position":2,"name":"Nos Produits","item":"https:\/\/premierssoins.com\/nos-produits\/"},{"@type":"ListItem","position":3,"name":"\u00c9ponges non tiss\u00e9es, 5,1 x 5,1 cm, 4 plis, 2 unit\u00e9s, st\u00e9riles, bo\u00eete de 25"}]},{"@type":"WebSite","@id":"https:\/\/premierssoins.com\/#website","url":"https:\/\/premierssoins.com\/","name":"PREMIERS SOINS.com","description":"Formations Croix Rouge | Autres formations | Produits","publisher":{"@id":"https:\/\/premierssoins.com\/#organization"},"potentialAction":[{"@type":"SearchAction","target":{"@type":"EntryPoint","urlTemplate":"https:\/\/premierssoins.com\/?s={search_term_string}"},"query-input":{"@type":"PropertyValueSpecification","valueRequired":true,"valueName":"search_term_string"}}],"inLanguage":"en-US"},{"@type":"Organization","@id":"https:\/\/premierssoins.com\/#organization","name":"PREMIERS SOINS.com","url":"https:\/\/premierssoins.com\/","logo":{"@type":"ImageObject","inLanguage":"en-US","@id":"https:\/\/premierssoins.com\/#\/schema\/logo\/image\/","url":"https:\/\/premierssoins.com\/wp-content\/uploads\/2025\/04\/Premier_Soins_logo_V2.png","contentUrl":"https:\/\/premierssoins.com\/wp-content\/uploads\/2025\/04\/Premier_Soins_logo_V2.png","width":422,"height":85,"caption":"PREMIERS SOINS.com"},"image":{"@id":"https:\/\/premierssoins.com\/#\/schema\/logo\/image\/"}}]}},"_links":{"self":[{"href":"https:\/\/premierssoins.com\/en\/wp-json\/wp\/v2\/product\/16801","targetHints":{"allow":["GET"]}}],"collection":[{"href":"https:\/\/premierssoins.com\/en\/wp-json\/wp\/v2\/product"}],"about":[{"href":"https:\/\/premierssoins.com\/en\/wp-json\/wp\/v2\/types\/product"}],"replies":[{"embeddable":true,"href":"https:\/\/premierssoins.com\/en\/wp-json\/wp\/v2\/comments?post=16801"}],"wp:featuredmedia":[{"embeddable":true,"href":"https:\/\/premierssoins.com\/en\/wp-json\/wp\/v2\/media\/16802"}],"wp:attachment":[{"href":"https:\/\/premierssoins.com\/en\/wp-json\/wp\/v2\/media?parent=16801"}],"wp:term":[{"taxonomy":"product_brand","embeddable":true,"href":"https:\/\/premierssoins.com\/en\/wp-json\/wp\/v2\/product_brand?post=16801"},{"taxonomy":"product_cat","embeddable":true,"href":"https:\/\/premierssoins.com\/en\/wp-json\/wp\/v2\/product_cat?post=16801"},{"taxonomy":"product_tag","embeddable":true,"href":"https:\/\/premierssoins.com\/en\/wp-json\/wp\/v2\/product_tag?post=16801"}],"curies":[{"name":"wp","href":"https:\/\/api.w.org\/{rel}","templated":true}]}}