{"id":2862,"date":"2025-05-22T05:08:20","date_gmt":"2025-05-22T05:08:20","guid":{"rendered":"https:\/\/new.premierssoins.com\/produit\/compresse-de-gaze-non-adherente-2-pouces-x-3-pouces-a-lunite\/"},"modified":"2026-03-10T09:20:23","modified_gmt":"2026-03-10T13:20:23","slug":"compresse-de-gaze-non-adherente-2-pouces-x-3-pouces-a-lunite","status":"publish","type":"product","link":"https:\/\/premierssoins.com\/en\/produit\/compresse-de-gaze-non-adherente-2-pouces-x-3-pouces-a-lunite\/","title":{"rendered":"Compresse de gaze non-adh\u00e9rente (2 pouces x 3 pouces) \u00e0 l&#8217;unit\u00e9"},"content":{"rendered":"","protected":false},"excerpt":{"rendered":"<p>Compresse de gaze non adh\u00e9rente (2 pouces x 3 pouces) \u00e0 l&#8217;unit\u00e9<\/p>\n<p><strong>Conforme au R\u00e8glement<\/strong>\u00a0de la CNESST 2021 sur les normes minimales de premiers secours et de PREMIERS SOINS<\/p>\n<ul>\n<li>2&#215;3, 2pox3po, non adherante<\/li>\n<\/ul>\n<p>&nbsp;<\/p>\n","protected":false},"featured_media":2863,"comment_status":"closed","ping_status":"closed","template":"","meta":[],"product_brand":[],"product_cat":[395,378,377,16,393],"product_tag":[],"class_list":{"0":"post-2862","1":"product","2":"type-product","3":"status-publish","4":"has-post-thumbnail","6":"product_cat-compresses-de-gaze-2","7":"product_cat-compresses-de-gaze","8":"product_cat-pansements-et-bandages","9":"product_cat-tous-les-produits","10":"product_cat-traitements","12":"first","13":"instock","14":"taxable","15":"shipping-taxable","16":"purchasable","17":"product-type-simple"},"yoast_head":"<!-- This site is optimized with the Yoast SEO plugin v27.2 - https:\/\/yoast.com\/product\/yoast-seo-wordpress\/ -->\n<title>Compresse de gaze non-adh\u00e9rente (2 pouces x 3 pouces) \u00e0 l&#039;unit\u00e9 - PREMIERS SOINS.com<\/title>\n<meta name=\"robots\" content=\"index, follow, max-snippet:-1, max-image-preview:large, max-video-preview:-1\" \/>\n<link rel=\"canonical\" href=\"https:\/\/premierssoins.com\/produit\/compresse-de-gaze-non-adherente-2-pouces-x-3-pouces-a-lunite\/\" \/>\n<meta property=\"og:locale\" content=\"en_US\" \/>\n<meta property=\"og:type\" content=\"article\" \/>\n<meta property=\"og:title\" content=\"Compresse de gaze non-adh\u00e9rente (2 pouces x 3 pouces) \u00e0 l&#039;unit\u00e9 - PREMIERS SOINS.com\" \/>\n<meta property=\"og:description\" content=\"Compresse de gaze non adh\u00e9rente (2 pouces x 3 pouces) \u00e0 l&#039;unit\u00e9  Conforme au R\u00e8glement\u00a0de la CNESST 2021 sur les normes minimales de premiers secours et de PREMIERS SOINS   2x3, 2pox3po, non adherante  &nbsp;\" \/>\n<meta property=\"og:url\" content=\"https:\/\/premierssoins.com\/produit\/compresse-de-gaze-non-adherente-2-pouces-x-3-pouces-a-lunite\/\" \/>\n<meta property=\"og:site_name\" content=\"PREMIERS SOINS.com\" \/>\n<meta property=\"article:modified_time\" content=\"2026-03-10T13:20:23+00:00\" \/>\n<meta property=\"og:image\" content=\"https:\/\/premierssoins.com\/wp-content\/uploads\/2025\/05\/products-92-1.jpg\" \/>\n\t<meta property=\"og:image:width\" content=\"200\" \/>\n\t<meta property=\"og:image:height\" content=\"225\" \/>\n\t<meta property=\"og:image:type\" content=\"image\/jpeg\" \/>\n<meta name=\"twitter:card\" content=\"summary_large_image\" \/>\n<meta name=\"twitter:label1\" content=\"Est. reading time\" \/>\n\t<meta name=\"twitter:data1\" content=\"1 minute\" \/>\n<script type=\"application\/ld+json\" class=\"yoast-schema-graph\">{\"@context\":\"https:\/\/schema.org\",\"@graph\":[{\"@type\":\"WebPage\",\"@id\":\"https:\/\/premierssoins.com\/produit\/compresse-de-gaze-non-adherente-2-pouces-x-3-pouces-a-lunite\/\",\"url\":\"https:\/\/premierssoins.com\/produit\/compresse-de-gaze-non-adherente-2-pouces-x-3-pouces-a-lunite\/\",\"name\":\"Compresse de gaze non-adh\u00e9rente (2 pouces x 3 pouces) \u00e0 l'unit\u00e9 - PREMIERS SOINS.com\",\"isPartOf\":{\"@id\":\"https:\/\/premierssoins.com\/#website\"},\"primaryImageOfPage\":{\"@id\":\"https:\/\/premierssoins.com\/produit\/compresse-de-gaze-non-adherente-2-pouces-x-3-pouces-a-lunite\/#primaryimage\"},\"image\":{\"@id\":\"https:\/\/premierssoins.com\/produit\/compresse-de-gaze-non-adherente-2-pouces-x-3-pouces-a-lunite\/#primaryimage\"},\"thumbnailUrl\":\"https:\/\/premierssoins.com\/wp-content\/uploads\/2025\/05\/products-92-1.jpg\",\"datePublished\":\"2025-05-22T05:08:20+00:00\",\"dateModified\":\"2026-03-10T13:20:23+00:00\",\"breadcrumb\":{\"@id\":\"https:\/\/premierssoins.com\/produit\/compresse-de-gaze-non-adherente-2-pouces-x-3-pouces-a-lunite\/#breadcrumb\"},\"inLanguage\":\"en-US\",\"potentialAction\":[{\"@type\":\"ReadAction\",\"target\":[\"https:\/\/premierssoins.com\/produit\/compresse-de-gaze-non-adherente-2-pouces-x-3-pouces-a-lunite\/\"]}]},{\"@type\":\"ImageObject\",\"inLanguage\":\"en-US\",\"@id\":\"https:\/\/premierssoins.com\/produit\/compresse-de-gaze-non-adherente-2-pouces-x-3-pouces-a-lunite\/#primaryimage\",\"url\":\"https:\/\/premierssoins.com\/wp-content\/uploads\/2025\/05\/products-92-1.jpg\",\"contentUrl\":\"https:\/\/premierssoins.com\/wp-content\/uploads\/2025\/05\/products-92-1.jpg\",\"width\":200,\"height\":225},{\"@type\":\"BreadcrumbList\",\"@id\":\"https:\/\/premierssoins.com\/produit\/compresse-de-gaze-non-adherente-2-pouces-x-3-pouces-a-lunite\/#breadcrumb\",\"itemListElement\":[{\"@type\":\"ListItem\",\"position\":1,\"name\":\"Accueil\",\"item\":\"https:\/\/premierssoins.com\/en\/welcome\/\"},{\"@type\":\"ListItem\",\"position\":2,\"name\":\"Nos Produits\",\"item\":\"https:\/\/premierssoins.com\/nos-produits\/\"},{\"@type\":\"ListItem\",\"position\":3,\"name\":\"Compresse de gaze non-adh\u00e9rente (2 pouces x 3 pouces) \u00e0 l&rsquo;unit\u00e9\"}]},{\"@type\":\"WebSite\",\"@id\":\"https:\/\/premierssoins.com\/#website\",\"url\":\"https:\/\/premierssoins.com\/\",\"name\":\"PREMIERS SOINS.com\",\"description\":\"Formations Croix Rouge | Autres formations | Produits\",\"publisher\":{\"@id\":\"https:\/\/premierssoins.com\/#organization\"},\"potentialAction\":[{\"@type\":\"SearchAction\",\"target\":{\"@type\":\"EntryPoint\",\"urlTemplate\":\"https:\/\/premierssoins.com\/?s={search_term_string}\"},\"query-input\":{\"@type\":\"PropertyValueSpecification\",\"valueRequired\":true,\"valueName\":\"search_term_string\"}}],\"inLanguage\":\"en-US\"},{\"@type\":\"Organization\",\"@id\":\"https:\/\/premierssoins.com\/#organization\",\"name\":\"PREMIERS SOINS.com\",\"url\":\"https:\/\/premierssoins.com\/\",\"logo\":{\"@type\":\"ImageObject\",\"inLanguage\":\"en-US\",\"@id\":\"https:\/\/premierssoins.com\/#\/schema\/logo\/image\/\",\"url\":\"https:\/\/premierssoins.com\/wp-content\/uploads\/2025\/04\/Premier_Soins_logo_V2.png\",\"contentUrl\":\"https:\/\/premierssoins.com\/wp-content\/uploads\/2025\/04\/Premier_Soins_logo_V2.png\",\"width\":422,\"height\":85,\"caption\":\"PREMIERS SOINS.com\"},\"image\":{\"@id\":\"https:\/\/premierssoins.com\/#\/schema\/logo\/image\/\"}}]}<\/script>\n<!-- \/ Yoast SEO plugin. -->","yoast_head_json":{"title":"Compresse de gaze non-adh\u00e9rente (2 pouces x 3 pouces) \u00e0 l'unit\u00e9 - PREMIERS SOINS.com","robots":{"index":"index","follow":"follow","max-snippet":"max-snippet:-1","max-image-preview":"max-image-preview:large","max-video-preview":"max-video-preview:-1"},"canonical":"https:\/\/premierssoins.com\/produit\/compresse-de-gaze-non-adherente-2-pouces-x-3-pouces-a-lunite\/","og_locale":"en_US","og_type":"article","og_title":"Compresse de gaze non-adh\u00e9rente (2 pouces x 3 pouces) \u00e0 l'unit\u00e9 - PREMIERS SOINS.com","og_description":"Compresse de gaze non adh\u00e9rente (2 pouces x 3 pouces) \u00e0 l'unit\u00e9  Conforme au R\u00e8glement\u00a0de la CNESST 2021 sur les normes minimales de premiers secours et de PREMIERS SOINS   2x3, 2pox3po, non adherante  &nbsp;","og_url":"https:\/\/premierssoins.com\/produit\/compresse-de-gaze-non-adherente-2-pouces-x-3-pouces-a-lunite\/","og_site_name":"PREMIERS SOINS.com","article_modified_time":"2026-03-10T13:20:23+00:00","og_image":[{"width":200,"height":225,"url":"https:\/\/premierssoins.com\/wp-content\/uploads\/2025\/05\/products-92-1.jpg","type":"image\/jpeg"}],"twitter_card":"summary_large_image","twitter_misc":{"Est. reading time":"1 minute"},"schema":{"@context":"https:\/\/schema.org","@graph":[{"@type":"WebPage","@id":"https:\/\/premierssoins.com\/produit\/compresse-de-gaze-non-adherente-2-pouces-x-3-pouces-a-lunite\/","url":"https:\/\/premierssoins.com\/produit\/compresse-de-gaze-non-adherente-2-pouces-x-3-pouces-a-lunite\/","name":"Compresse de gaze non-adh\u00e9rente (2 pouces x 3 pouces) \u00e0 l'unit\u00e9 - PREMIERS SOINS.com","isPartOf":{"@id":"https:\/\/premierssoins.com\/#website"},"primaryImageOfPage":{"@id":"https:\/\/premierssoins.com\/produit\/compresse-de-gaze-non-adherente-2-pouces-x-3-pouces-a-lunite\/#primaryimage"},"image":{"@id":"https:\/\/premierssoins.com\/produit\/compresse-de-gaze-non-adherente-2-pouces-x-3-pouces-a-lunite\/#primaryimage"},"thumbnailUrl":"https:\/\/premierssoins.com\/wp-content\/uploads\/2025\/05\/products-92-1.jpg","datePublished":"2025-05-22T05:08:20+00:00","dateModified":"2026-03-10T13:20:23+00:00","breadcrumb":{"@id":"https:\/\/premierssoins.com\/produit\/compresse-de-gaze-non-adherente-2-pouces-x-3-pouces-a-lunite\/#breadcrumb"},"inLanguage":"en-US","potentialAction":[{"@type":"ReadAction","target":["https:\/\/premierssoins.com\/produit\/compresse-de-gaze-non-adherente-2-pouces-x-3-pouces-a-lunite\/"]}]},{"@type":"ImageObject","inLanguage":"en-US","@id":"https:\/\/premierssoins.com\/produit\/compresse-de-gaze-non-adherente-2-pouces-x-3-pouces-a-lunite\/#primaryimage","url":"https:\/\/premierssoins.com\/wp-content\/uploads\/2025\/05\/products-92-1.jpg","contentUrl":"https:\/\/premierssoins.com\/wp-content\/uploads\/2025\/05\/products-92-1.jpg","width":200,"height":225},{"@type":"BreadcrumbList","@id":"https:\/\/premierssoins.com\/produit\/compresse-de-gaze-non-adherente-2-pouces-x-3-pouces-a-lunite\/#breadcrumb","itemListElement":[{"@type":"ListItem","position":1,"name":"Accueil","item":"https:\/\/premierssoins.com\/en\/welcome\/"},{"@type":"ListItem","position":2,"name":"Nos Produits","item":"https:\/\/premierssoins.com\/nos-produits\/"},{"@type":"ListItem","position":3,"name":"Compresse de gaze non-adh\u00e9rente (2 pouces x 3 pouces) \u00e0 l&rsquo;unit\u00e9"}]},{"@type":"WebSite","@id":"https:\/\/premierssoins.com\/#website","url":"https:\/\/premierssoins.com\/","name":"PREMIERS SOINS.com","description":"Formations Croix Rouge | Autres formations | Produits","publisher":{"@id":"https:\/\/premierssoins.com\/#organization"},"potentialAction":[{"@type":"SearchAction","target":{"@type":"EntryPoint","urlTemplate":"https:\/\/premierssoins.com\/?s={search_term_string}"},"query-input":{"@type":"PropertyValueSpecification","valueRequired":true,"valueName":"search_term_string"}}],"inLanguage":"en-US"},{"@type":"Organization","@id":"https:\/\/premierssoins.com\/#organization","name":"PREMIERS SOINS.com","url":"https:\/\/premierssoins.com\/","logo":{"@type":"ImageObject","inLanguage":"en-US","@id":"https:\/\/premierssoins.com\/#\/schema\/logo\/image\/","url":"https:\/\/premierssoins.com\/wp-content\/uploads\/2025\/04\/Premier_Soins_logo_V2.png","contentUrl":"https:\/\/premierssoins.com\/wp-content\/uploads\/2025\/04\/Premier_Soins_logo_V2.png","width":422,"height":85,"caption":"PREMIERS SOINS.com"},"image":{"@id":"https:\/\/premierssoins.com\/#\/schema\/logo\/image\/"}}]}},"_links":{"self":[{"href":"https:\/\/premierssoins.com\/en\/wp-json\/wp\/v2\/product\/2862","targetHints":{"allow":["GET"]}}],"collection":[{"href":"https:\/\/premierssoins.com\/en\/wp-json\/wp\/v2\/product"}],"about":[{"href":"https:\/\/premierssoins.com\/en\/wp-json\/wp\/v2\/types\/product"}],"replies":[{"embeddable":true,"href":"https:\/\/premierssoins.com\/en\/wp-json\/wp\/v2\/comments?post=2862"}],"wp:featuredmedia":[{"embeddable":true,"href":"https:\/\/premierssoins.com\/en\/wp-json\/wp\/v2\/media\/2863"}],"wp:attachment":[{"href":"https:\/\/premierssoins.com\/en\/wp-json\/wp\/v2\/media?parent=2862"}],"wp:term":[{"taxonomy":"product_brand","embeddable":true,"href":"https:\/\/premierssoins.com\/en\/wp-json\/wp\/v2\/product_brand?post=2862"},{"taxonomy":"product_cat","embeddable":true,"href":"https:\/\/premierssoins.com\/en\/wp-json\/wp\/v2\/product_cat?post=2862"},{"taxonomy":"product_tag","embeddable":true,"href":"https:\/\/premierssoins.com\/en\/wp-json\/wp\/v2\/product_tag?post=2862"}],"curies":[{"name":"wp","href":"https:\/\/api.w.org\/{rel}","templated":true}]}}